{"id":1578,"date":"2023-08-03T18:57:11","date_gmt":"2023-08-03T18:57:11","guid":{"rendered":"https:\/\/kins.simplyit.solutions\/?page_id=1578"},"modified":"2023-08-15T14:17:02","modified_gmt":"2023-08-15T14:17:02","slug":"risorse-utili","status":"publish","type":"page","link":"https:\/\/www.zanzibarkins.com\/it\/risorse-utili\/","title":{"rendered":"Risorse utili"},"content":{"rendered":"<div data-elementor-type=\"wp-page\" data-elementor-id=\"1578\" class=\"elementor elementor-1578\" data-elementor-post-type=\"page\">\n\t\t\t\t\t\t<section class=\"elementor-section elementor-top-section elementor-element elementor-element-55eaaaa elementor-section-boxed elementor-section-height-default elementor-section-height-default\" data-id=\"55eaaaa\" data-element_type=\"section\" data-settings=\"{&quot;background_background&quot;:&quot;classic&quot;}\">\n\t\t\t\t\t\t<div class=\"elementor-container elementor-column-gap-default\">\n\t\t\t\t\t<div class=\"elementor-column elementor-col-100 elementor-top-column elementor-element elementor-element-de6eb99\" data-id=\"de6eb99\" data-element_type=\"column\">\n\t\t\t<div class=\"elementor-widget-wrap elementor-element-populated\">\n\t\t\t\t\t\t<section class=\"elementor-section elementor-inner-section elementor-element elementor-element-b84a786 elementor-section-boxed elementor-section-height-default elementor-section-height-default\" data-id=\"b84a786\" data-element_type=\"section\">\n\t\t\t\t\t\t<div class=\"elementor-container elementor-column-gap-default\">\n\t\t\t\t\t<div class=\"elementor-column elementor-col-100 elementor-inner-column elementor-element elementor-element-f5b9cd2\" data-id=\"f5b9cd2\" data-element_type=\"column\" data-settings=\"{&quot;background_background&quot;:&quot;classic&quot;}\">\n\t\t\t<div class=\"elementor-widget-wrap elementor-element-populated\">\n\t\t\t\t\t\t<div class=\"elementor-element elementor-element-060ec09 elementor-widget elementor-widget-image\" data-id=\"060ec09\" data-element_type=\"widget\" data-widget_type=\"image.default\">\n\t\t\t\t<div class=\"elementor-widget-container\">\n\t\t\t\t\t\t\t\t\t\t\t\t\t\t\t<img decoding=\"async\" width=\"426\" height=\"20\" src=\"https:\/\/www.zanzibarkins.com\/wp-content\/uploads\/2023\/05\/underline.png\" class=\"attachment-large size-large wp-image-18\" alt=\"\" srcset=\"https:\/\/www.zanzibarkins.com\/wp-content\/uploads\/2023\/05\/underline.png 426w, https:\/\/www.zanzibarkins.com\/wp-content\/uploads\/2023\/05\/underline-300x14.png 300w\" sizes=\"(max-width: 426px) 100vw, 426px\" \/>\t\t\t\t\t\t\t\t\t\t\t\t\t\t\t<\/div>\n\t\t\t\t<\/div>\n\t\t\t\t<div class=\"elementor-element elementor-element-f7e2af8 elementor-widget elementor-widget-text-editor\" data-id=\"f7e2af8\" data-element_type=\"widget\" data-widget_type=\"text-editor.default\">\n\t\t\t\t<div class=\"elementor-widget-container\">\n\t\t\t\t\t\t\t\t\t<p><span style=\"font-weight: 400;\">Siamo lieti di presentarti una selezione di siti Web utili consigliati dalla nostra scuola per supportare il percorso di apprendimento di tuo figlio a casa. Questi siti Web sono stati attentamente curati per integrare il curriculum e fornire risorse aggiuntive che possono rafforzare i concetti insegnati in classe. Utilizzando queste piattaforme, puoi partecipare attivamente all&#039;istruzione di tuo figlio e promuovere l&#039;amore per l&#039;apprendimento oltre l&#039;orario scolastico.<\/span><\/p>\n<ol>\n<li style=\"font-weight: 400;\" aria-level=\"1\"><span style=\"font-weight: 400;\">Giochi e attivit\u00e0 educative: coinvolgenti giochi educativi su siti web come ABCmouse e Funbrain possono rendere l&#039;apprendimento divertente, migliorando al contempo competenze essenziali come l&#039;alfabetizzazione, la capacit\u00e0 di calcolo e il pensiero critico.<\/span><\/li>\n<li style=\"font-weight: 400;\" aria-level=\"1\"><span style=\"font-weight: 400;\">Risorse di apprendimento interattive: siti web come Khan Academy e National Geographic Kids offrono lezioni interattive, video e quiz adatti a diverse materie e fasce d&#039;et\u00e0, incoraggiando i bambini a esplorare e approfondire la propria comprensione.<\/span><\/li>\n<li style=\"font-weight: 400;\" aria-level=\"1\"><span style=\"font-weight: 400;\">Sviluppo del linguaggio e della lettura: incoraggia le competenze linguistiche e di lettura con risorse come Starfall e Reading Rockets, che offrono una vasta gamma di materiali per la fonetica, la comprensione della lettura e lo sviluppo del linguaggio.<\/span><\/li>\n<li style=\"font-weight: 400;\" aria-level=\"1\"><span style=\"font-weight: 400;\">Esplorazione della scienza e della natura: siti web come Exploratorium e NASA for Students espongono i tuoi figli a concetti e scoperte scientifiche affascinanti, alimentando la loro curiosit\u00e0 sul mondo che li circonda.<\/span><\/li>\n<li style=\"font-weight: 400;\" aria-level=\"1\"><span style=\"font-weight: 400;\">Aiuto con i compiti e tutoraggio: piattaforme come Khan Academy e Brainly forniscono un prezioso aiuto con i compiti e supporto tra pari, aiutando tuo figlio a superare le sfide e a eccellere negli studi. Riteniamo che questi siti Web consigliati saranno risorse preziose nel percorso educativo di tuo figlio, arricchendo la sua esperienza di apprendimento e consentendoti di partecipare attivamente e supportare i suoi progressi. <br><\/span><span style=\"font-weight: 400;\"><br><\/span><span style=\"font-weight: 400;\">Ti incoraggiamo a esplorare queste risorse insieme a tuo figlio, perch\u00e9 crediamo che l&#039;apprendimento sia pi\u00f9 efficace quando diventa un&#039;avventura condivisa. Se hai domande o necessiti di ulteriore assistenza, il nostro personale dedicato \u00e8 sempre qui per supportarti.<\/span><\/li>\n<\/ol>\n<div>&nbsp;<\/div>\n<div>\n<table>\n<tbody>\n<tr>\n<td>\n<p><b>Inglese<\/b><\/p>\n<\/td>\n<td>\n<p><b>Matematica<\/b><\/p>\n<\/td>\n<td>\n<p><b>Tutti gli argomenti<\/b><\/p>\n<\/td>\n<\/tr>\n<tr>\n<td>\n<p><b>Biblioteca elettronica Oxford Owl<\/b><\/p>\n<p><a href=\"https:\/\/www.oxfordowl.co.uk\/for-home\/find-a-book\/library-page\/\"><span style=\"font-weight: 400;\">https:\/\/www.oxfordowl.co.uk\/for-home\/find-a-book\/library-page\/<\/span><\/a><\/p>\n<p><\/p>\n<p><span style=\"font-weight: 400;\">Scegli tra centinaia di libri online che i bambini possono leggere su tablet o computer. Sono divertenti e coinvolgenti.&nbsp;<\/span><\/p>\n<\/td>\n<td>\n<p><b>SommaCane<\/b><b><br><\/b><a href=\"https:\/\/www.sumdog.com\/user\/sign_in\"> <span style=\"font-weight: 400;\">https:\/\/www.sumdog.com\/user\/sign_in<\/span><span style=\"font-weight: 400;\"><br><\/span><span style=\"font-weight: 400;\"><br><\/span><\/a><span style=\"font-weight: 400;\"> SumDog richiede un login (i genitori possono farlo per i propri figli).&nbsp;<\/span><\/p>\n<p><span style=\"font-weight: 400;\">Ottimo sito web per problemi di matematica, sfide e per mettere in pratica competenze fondamentali come legami numerici e fatti di moltiplicazione.&nbsp;<\/span><\/p>\n<\/td>\n<td>\n<p><b>BBC Bitesize<\/b><\/p>\n<p><a href=\"https:\/\/www.bbc.co.uk\/bitesize\/primary\"><span style=\"font-weight: 400;\">https:\/\/www.bbc.co.uk\/bitesize\/primary<\/span><\/a><\/p>\n<p><span style=\"font-weight: 400;\">Questo \u00e8 un sito web con sede nel Regno Unito con giochi e video educativi per tutte le materie. Seleziona che stai studiando in &quot;Inghilterra&quot; e scegli quale gruppo di et\u00e0 \u00e8 pi\u00f9 adatto a tuo figlio.&nbsp;<\/span><\/p>\n<\/td>\n<\/tr>\n<tr>\n<td>\n<p><b>Accademia nazionale di quercia<\/b><b><br><\/b><b><br><\/b><a href=\"https:\/\/classroom.thenational.academy\/subjects-by-key-stage\"><span style=\"font-weight: 400;\">https:\/\/classroom.thenational.academy\/subjects-by-key-stage<\/span><\/a><\/p>\n<p><span style=\"font-weight: 400;\">Ottimo sito web per rivedere lezioni complete. Se si lavora da casa o si fa apprendimento online, i bambini possono seguire i video e completare le attivit\u00e0.&nbsp;<\/span><\/p>\n<\/td>\n<td>\n<p><b>Accademia nazionale di quercia<\/b><b><br><\/b><b><br><\/b><a href=\"https:\/\/classroom.thenational.academy\/subjects-by-key-stage\"><span style=\"font-weight: 400;\">https:\/\/classroom.thenational.academy\/subjects-by-key-stage<\/span><\/a><\/p>\n<p><span style=\"font-weight: 400;\">Ottimo sito web per rivedere lezioni complete. Se si lavora da casa o si fa apprendimento online, i bambini possono seguire i video e completare le attivit\u00e0.&nbsp;<\/span><\/p>\n<\/td>\n<td>\n<p><b>Tela<\/b><b><br><\/b><b><br><\/b><a href=\"https:\/\/www.canva.com\"> <span style=\"font-weight: 400;\">https:\/\/www.canva.com<\/span><\/a><\/p>\n<p><span style=\"font-weight: 400;\">Canva \u00e8 utile per progettare poster e progetti. I bambini possono usarlo per creare qualsiasi cosa, dalle cartoline alle brochure, ed \u00e8 sicuro per loro da usare online.&nbsp;<\/span><\/p>\n<\/td>\n<\/tr>\n<tr>\n<td>\n<p><b>I migliori marchi&nbsp;<\/b><\/p>\n<p><a href=\"https:\/\/www.topmarks.co.uk\"><span style=\"font-weight: 400;\">https:\/\/www.topmarks.co.uk<\/span><\/a><\/p>\n<p><span style=\"font-weight: 400;\">Questo sito web offre giochi gratuiti per esercitarsi nell&#039;ortografia e nella grammatica a tutti i livelli della scuola primaria.&nbsp;<\/span><\/p>\n<\/td>\n<td>\n<p><b>Matematica IXL<\/b><\/p>\n<p><a href=\"https:\/\/uk.ixl.com\/maths\"><span style=\"font-weight: 400;\">https:\/\/uk.ixl.com\/maths<\/span><span style=\"font-weight: 400;\"><br><\/span><span style=\"font-weight: 400;\"><br><\/span><\/a><span style=\"font-weight: 400;\"> Scegli l&#039;anno scolastico pi\u00f9 adatto e metti in pratica abilit\u00e0 specifiche, come i legami numerici, il conteggio in avanti e all&#039;indietro o le abilit\u00e0 di moltiplicazione.&nbsp;<\/span><\/p>\n<\/td>\n<td>\n<p><b>Formazione Geografica Nazionale<\/b><\/p>\n<p><a href=\"https:\/\/education.nationalgeographic.org\/?q=\"><span style=\"font-weight: 400;\">https:\/\/education.nationalgeographic.org\/?q=<\/span><\/a><\/p>\n<p><span style=\"font-weight: 400;\">Nat Geo offre ottime risorse per lezioni di Scienze, Storia e Geografia. C&#039;\u00e8 una funzione di ricerca con video sicuri e interattivi per la maggior parte delle aree di apprendimento.&nbsp;<\/span><\/p>\n<\/td>\n<\/tr>\n<tr>\n<td>\n<p><b>Capannone dell&#039;alfabetizzazione<\/b><\/p>\n<p><a href=\"https:\/\/www.literacyshed.com\/\"><span style=\"font-weight: 400;\">https:\/\/www.literacyshed.com\/<\/span><\/a><\/p>\n<p><\/p>\n<p><span style=\"font-weight: 400;\">Questo sito web ha molti video, immagini e spunti per aiutare a sviluppare la scrittura. Fornisce indicazioni e idee su come usare ogni video o immagine. C&#039;\u00e8 anche uno spelling shed per aiutare a fare pratica di ortografia.&nbsp;<\/span><\/p>\n<\/td>\n<td>\n<p><b>Le rockstar delle tabelline<\/b><\/p>\n<p><a href=\"https:\/\/ttrockstars.com\/\"><span style=\"font-weight: 400;\">https:\/\/ttrockstars.com\/<\/span><\/a><\/p>\n<p><\/p>\n<p><span style=\"font-weight: 400;\">Ottimo per ricordare velocemente i fatti della moltiplicazione. Lo rende divertente e competitivo per i bambini.&nbsp;<\/span><\/p>\n<\/td>\n<td>\n<p><b>Digitando<\/b><\/p>\n<p><a href=\"https:\/\/www.typing.com\"><span style=\"font-weight: 400;\">https:\/\/www.typing.com<\/span><\/a><\/p>\n<p><\/p>\n<p><span style=\"font-weight: 400;\">Tanti giochi per aiutare i bambini a imparare a usare i tasti della tastiera e a digitare pi\u00f9 velocemente.&nbsp;<\/span><\/p>\n<\/td>\n<\/tr>\n<tr>\n<td>&nbsp;<\/td>\n<td>&nbsp;<\/td>\n<td>\n<p><b>Vai a fare la tagliatella<\/b><b><br><\/b><b><br><\/b><a href=\"https:\/\/app.gonoodle.com\/\">https:\/\/app.gonoodle.com\/<\/a><\/p>\n<p><\/p>\n<p><span style=\"font-weight: 400;\">Go Noodle ha centinaia di video per le pause cerebrali. Ci sono canzoni, balli, esercizi di stretching e yoga che i bambini possono seguire per dare una pausa al loro cervello.&nbsp;<\/span><\/p>\n<\/td>\n<\/tr>\n<\/tbody>\n<\/table>\n<\/div>\t\t\t\t\t\t\t\t<\/div>\n\t\t\t\t<\/div>\n\t\t\t\t\t<\/div>\n\t\t<\/div>\n\t\t\t\t\t<\/div>\n\t\t<\/section>\n\t\t\t\t\t<\/div>\n\t\t<\/div>\n\t\t\t\t\t<\/div>\n\t\t<\/section>\n\t\t\t\t<\/div>","protected":false},"excerpt":{"rendered":"<p>We are delighted to introduce you to a selection of helpful websites recommended by our school to support your child&#8217;s learning journey at home. These websites have been carefully curated to complement the curriculum and provide additional resources that can reinforce the concepts taught in the classroom. By using these platforms, you can actively participate [&hellip;]<\/p>","protected":false},"author":1,"featured_media":0,"parent":0,"menu_order":0,"comment_status":"closed","ping_status":"closed","template":"elementor_header_footer","meta":{"_acf_changed":false,"footnotes":""},"class_list":["post-1578","page","type-page","status-publish","hentry"],"acf":[],"yoast_head":"<!-- This site is optimized with the Yoast SEO plugin v27.4 - https:\/\/yoast.com\/product\/yoast-seo-wordpress\/ -->\n<title>Helpful Resources - KINS<\/title>\n<meta name=\"robots\" content=\"index, follow, max-snippet:-1, max-image-preview:large, max-video-preview:-1\" \/>\n<link rel=\"canonical\" href=\"https:\/\/www.zanzibarkins.com\/it\/risorse-utili\/\" \/>\n<meta property=\"og:locale\" content=\"it_IT\" \/>\n<meta property=\"og:type\" content=\"article\" \/>\n<meta property=\"og:title\" content=\"Helpful Resources - KINS\" \/>\n<meta property=\"og:description\" content=\"We are delighted to introduce you to a selection of helpful websites recommended by our school to support your child&#8217;s learning journey at home. These websites have been carefully curated to complement the curriculum and provide additional resources that can reinforce the concepts taught in the classroom. By using these platforms, you can actively participate [&hellip;]\" \/>\n<meta property=\"og:url\" content=\"https:\/\/www.zanzibarkins.com\/it\/risorse-utili\/\" \/>\n<meta property=\"og:site_name\" content=\"KINS\" \/>\n<meta property=\"article:modified_time\" content=\"2023-08-15T14:17:02+00:00\" \/>\n<meta property=\"og:image\" content=\"https:\/\/www.zanzibarkins.com\/wp-content\/uploads\/2023\/05\/underline.png\" \/>\n<meta name=\"twitter:card\" content=\"summary_large_image\" \/>\n<meta name=\"twitter:label1\" content=\"Tempo di lettura stimato\" \/>\n\t<meta name=\"twitter:data1\" content=\"4 minuti\" \/>\n<script type=\"application\/ld+json\" class=\"yoast-schema-graph\">{\"@context\":\"https:\\\/\\\/schema.org\",\"@graph\":[{\"@type\":\"WebPage\",\"@id\":\"https:\\\/\\\/www.zanzibarkins.com\\\/helpful-resources\\\/\",\"url\":\"https:\\\/\\\/www.zanzibarkins.com\\\/helpful-resources\\\/\",\"name\":\"Helpful Resources - KINS\",\"isPartOf\":{\"@id\":\"https:\\\/\\\/www.zanzibarkins.com\\\/#website\"},\"primaryImageOfPage\":{\"@id\":\"https:\\\/\\\/www.zanzibarkins.com\\\/helpful-resources\\\/#primaryimage\"},\"image\":{\"@id\":\"https:\\\/\\\/www.zanzibarkins.com\\\/helpful-resources\\\/#primaryimage\"},\"thumbnailUrl\":\"https:\\\/\\\/www.zanzibarkins.com\\\/wp-content\\\/uploads\\\/2023\\\/05\\\/underline.png\",\"datePublished\":\"2023-08-03T18:57:11+00:00\",\"dateModified\":\"2023-08-15T14:17:02+00:00\",\"breadcrumb\":{\"@id\":\"https:\\\/\\\/www.zanzibarkins.com\\\/helpful-resources\\\/#breadcrumb\"},\"inLanguage\":\"it-IT\",\"potentialAction\":[{\"@type\":\"ReadAction\",\"target\":[\"https:\\\/\\\/www.zanzibarkins.com\\\/helpful-resources\\\/\"]}]},{\"@type\":\"ImageObject\",\"inLanguage\":\"it-IT\",\"@id\":\"https:\\\/\\\/www.zanzibarkins.com\\\/helpful-resources\\\/#primaryimage\",\"url\":\"https:\\\/\\\/www.zanzibarkins.com\\\/wp-content\\\/uploads\\\/2023\\\/05\\\/underline.png\",\"contentUrl\":\"https:\\\/\\\/www.zanzibarkins.com\\\/wp-content\\\/uploads\\\/2023\\\/05\\\/underline.png\"},{\"@type\":\"BreadcrumbList\",\"@id\":\"https:\\\/\\\/www.zanzibarkins.com\\\/helpful-resources\\\/#breadcrumb\",\"itemListElement\":[{\"@type\":\"ListItem\",\"position\":1,\"name\":\"Home\",\"item\":\"https:\\\/\\\/www.zanzibarkins.com\\\/\"},{\"@type\":\"ListItem\",\"position\":2,\"name\":\"Helpful Resources\"}]},{\"@type\":\"WebSite\",\"@id\":\"https:\\\/\\\/www.zanzibarkins.com\\\/#website\",\"url\":\"https:\\\/\\\/www.zanzibarkins.com\\\/\",\"name\":\"KINS\",\"description\":\"\",\"potentialAction\":[{\"@type\":\"SearchAction\",\"target\":{\"@type\":\"EntryPoint\",\"urlTemplate\":\"https:\\\/\\\/www.zanzibarkins.com\\\/?s={search_term_string}\"},\"query-input\":{\"@type\":\"PropertyValueSpecification\",\"valueRequired\":true,\"valueName\":\"search_term_string\"}}],\"inLanguage\":\"it-IT\"}]}<\/script>\n<!-- \/ Yoast SEO plugin. -->","yoast_head_json":{"title":"Risorse utili - KINS","robots":{"index":"index","follow":"follow","max-snippet":"max-snippet:-1","max-image-preview":"max-image-preview:large","max-video-preview":"max-video-preview:-1"},"canonical":"https:\/\/www.zanzibarkins.com\/it\/risorse-utili\/","og_locale":"it_IT","og_type":"article","og_title":"Helpful Resources - KINS","og_description":"We are delighted to introduce you to a selection of helpful websites recommended by our school to support your child&#8217;s learning journey at home. These websites have been carefully curated to complement the curriculum and provide additional resources that can reinforce the concepts taught in the classroom. By using these platforms, you can actively participate [&hellip;]","og_url":"https:\/\/www.zanzibarkins.com\/it\/risorse-utili\/","og_site_name":"KINS","article_modified_time":"2023-08-15T14:17:02+00:00","og_image":[{"url":"https:\/\/www.zanzibarkins.com\/wp-content\/uploads\/2023\/05\/underline.png","type":"","width":"","height":""}],"twitter_card":"summary_large_image","twitter_misc":{"Tempo di lettura stimato":"4 minuti"},"schema":{"@context":"https:\/\/schema.org","@graph":[{"@type":"WebPage","@id":"https:\/\/www.zanzibarkins.com\/helpful-resources\/","url":"https:\/\/www.zanzibarkins.com\/helpful-resources\/","name":"Risorse utili - KINS","isPartOf":{"@id":"https:\/\/www.zanzibarkins.com\/#website"},"primaryImageOfPage":{"@id":"https:\/\/www.zanzibarkins.com\/helpful-resources\/#primaryimage"},"image":{"@id":"https:\/\/www.zanzibarkins.com\/helpful-resources\/#primaryimage"},"thumbnailUrl":"https:\/\/www.zanzibarkins.com\/wp-content\/uploads\/2023\/05\/underline.png","datePublished":"2023-08-03T18:57:11+00:00","dateModified":"2023-08-15T14:17:02+00:00","breadcrumb":{"@id":"https:\/\/www.zanzibarkins.com\/helpful-resources\/#breadcrumb"},"inLanguage":"it-IT","potentialAction":[{"@type":"ReadAction","target":["https:\/\/www.zanzibarkins.com\/helpful-resources\/"]}]},{"@type":"ImageObject","inLanguage":"it-IT","@id":"https:\/\/www.zanzibarkins.com\/helpful-resources\/#primaryimage","url":"https:\/\/www.zanzibarkins.com\/wp-content\/uploads\/2023\/05\/underline.png","contentUrl":"https:\/\/www.zanzibarkins.com\/wp-content\/uploads\/2023\/05\/underline.png"},{"@type":"BreadcrumbList","@id":"https:\/\/www.zanzibarkins.com\/helpful-resources\/#breadcrumb","itemListElement":[{"@type":"ListItem","position":1,"name":"Home","item":"https:\/\/www.zanzibarkins.com\/"},{"@type":"ListItem","position":2,"name":"Helpful Resources"}]},{"@type":"WebSite","@id":"https:\/\/www.zanzibarkins.com\/#website","url":"https:\/\/www.zanzibarkins.com\/","name":"PARENTI","description":"","potentialAction":[{"@type":"SearchAction","target":{"@type":"EntryPoint","urlTemplate":"https:\/\/www.zanzibarkins.com\/?s={search_term_string}"},"query-input":{"@type":"PropertyValueSpecification","valueRequired":true,"valueName":"search_term_string"}}],"inLanguage":"it-IT"}]}},"_links":{"self":[{"href":"https:\/\/www.zanzibarkins.com\/it\/wp-json\/wp\/v2\/pages\/1578","targetHints":{"allow":["GET"]}}],"collection":[{"href":"https:\/\/www.zanzibarkins.com\/it\/wp-json\/wp\/v2\/pages"}],"about":[{"href":"https:\/\/www.zanzibarkins.com\/it\/wp-json\/wp\/v2\/types\/page"}],"author":[{"embeddable":true,"href":"https:\/\/www.zanzibarkins.com\/it\/wp-json\/wp\/v2\/users\/1"}],"replies":[{"embeddable":true,"href":"https:\/\/www.zanzibarkins.com\/it\/wp-json\/wp\/v2\/comments?post=1578"}],"version-history":[{"count":5,"href":"https:\/\/www.zanzibarkins.com\/it\/wp-json\/wp\/v2\/pages\/1578\/revisions"}],"predecessor-version":[{"id":2096,"href":"https:\/\/www.zanzibarkins.com\/it\/wp-json\/wp\/v2\/pages\/1578\/revisions\/2096"}],"wp:attachment":[{"href":"https:\/\/www.zanzibarkins.com\/it\/wp-json\/wp\/v2\/media?parent=1578"}],"curies":[{"name":"wp","href":"https:\/\/api.w.org\/{rel}","templated":true}]}}