{"id":250,"date":"2023-06-23T18:07:11","date_gmt":"2023-06-23T18:07:11","guid":{"rendered":"https:\/\/kins.simplyit.solutions\/?page_id=250"},"modified":"2023-07-29T09:19:10","modified_gmt":"2023-07-29T09:19:10","slug":"manuale-della-famiglia-kins","status":"publish","type":"page","link":"https:\/\/www.zanzibarkins.com\/it\/manuale-della-famiglia-kins\/","title":{"rendered":"Manuale della famiglia KINS"},"content":{"rendered":"<div data-elementor-type=\"wp-page\" data-elementor-id=\"250\" class=\"elementor elementor-250\" data-elementor-post-type=\"page\">\n\t\t\t\t\t\t<section class=\"elementor-section elementor-top-section elementor-element elementor-element-f84037c elementor-section-boxed elementor-section-height-default elementor-section-height-default\" data-id=\"f84037c\" data-element_type=\"section\" data-settings=\"{&quot;background_background&quot;:&quot;classic&quot;,&quot;shape_divider_top&quot;:&quot;tilt&quot;,&quot;shape_divider_bottom&quot;:&quot;tilt&quot;}\">\n\t\t\t\t\t\t\t<div class=\"elementor-background-overlay\"><\/div>\n\t\t\t\t\t\t<div class=\"elementor-shape elementor-shape-top\" aria-hidden=\"true\" data-negative=\"false\">\n\t\t\t<svg xmlns=\"http:\/\/www.w3.org\/2000\/svg\" viewbox=\"0 0 1000 100\" preserveaspectratio=\"none\">\n\t<path class=\"elementor-shape-fill\" d=\"M0,6V0h1000v100L0,6z\"\/>\n<\/svg>\t\t<\/div>\n\t\t\t\t<div class=\"elementor-shape elementor-shape-bottom\" aria-hidden=\"true\" data-negative=\"false\">\n\t\t\t<svg xmlns=\"http:\/\/www.w3.org\/2000\/svg\" viewbox=\"0 0 1000 100\" preserveaspectratio=\"none\">\n\t<path class=\"elementor-shape-fill\" d=\"M0,6V0h1000v100L0,6z\"\/>\n<\/svg>\t\t<\/div>\n\t\t\t\t\t<div class=\"elementor-container elementor-column-gap-default\">\n\t\t\t\t\t<div class=\"elementor-column elementor-col-100 elementor-top-column elementor-element elementor-element-83d530a\" data-id=\"83d530a\" data-element_type=\"column\">\n\t\t\t<div class=\"elementor-widget-wrap elementor-element-populated\">\n\t\t\t\t\t\t<section class=\"elementor-section elementor-inner-section elementor-element elementor-element-1ac2cac elementor-section-boxed elementor-section-height-default elementor-section-height-default\" data-id=\"1ac2cac\" data-element_type=\"section\">\n\t\t\t\t\t\t<div class=\"elementor-container elementor-column-gap-default\">\n\t\t\t\t\t<div class=\"elementor-column elementor-col-100 elementor-inner-column elementor-element elementor-element-601482e\" data-id=\"601482e\" data-element_type=\"column\" data-settings=\"{&quot;background_background&quot;:&quot;classic&quot;}\">\n\t\t\t<div class=\"elementor-widget-wrap elementor-element-populated\">\n\t\t\t\t\t\t<div class=\"elementor-element elementor-element-27d9bde elementor-widget elementor-widget-heading\" data-id=\"27d9bde\" data-element_type=\"widget\" data-widget_type=\"heading.default\">\n\t\t\t\t<div class=\"elementor-widget-container\">\n\t\t\t\t\t<h3 class=\"elementor-heading-title elementor-size-default\">famiglia di parenti <\/h3>\t\t\t\t<\/div>\n\t\t\t\t<\/div>\n\t\t\t\t<div class=\"elementor-element elementor-element-22ea74c elementor-widget elementor-widget-heading\" data-id=\"22ea74c\" data-element_type=\"widget\" data-widget_type=\"heading.default\">\n\t\t\t\t<div class=\"elementor-widget-container\">\n\t\t\t\t\t<h2 class=\"elementor-heading-title elementor-size-default\">manuale<\/h2>\t\t\t\t<\/div>\n\t\t\t\t<\/div>\n\t\t\t\t<div class=\"elementor-element elementor-element-91e5512 elementor-widget elementor-widget-image\" data-id=\"91e5512\" data-element_type=\"widget\" data-widget_type=\"image.default\">\n\t\t\t\t<div class=\"elementor-widget-container\">\n\t\t\t\t\t\t\t\t\t\t\t\t\t\t\t<img decoding=\"async\" width=\"426\" height=\"20\" src=\"https:\/\/www.zanzibarkins.com\/wp-content\/uploads\/2023\/05\/underline.png\" class=\"attachment-large size-large wp-image-18\" alt=\"\" srcset=\"https:\/\/www.zanzibarkins.com\/wp-content\/uploads\/2023\/05\/underline.png 426w, https:\/\/www.zanzibarkins.com\/wp-content\/uploads\/2023\/05\/underline-300x14.png 300w\" sizes=\"(max-width: 426px) 100vw, 426px\" \/>\t\t\t\t\t\t\t\t\t\t\t\t\t\t\t<\/div>\n\t\t\t\t<\/div>\n\t\t\t\t<div class=\"elementor-element elementor-element-dfda34d elementor-widget elementor-widget-text-editor\" data-id=\"dfda34d\" data-element_type=\"widget\" data-widget_type=\"text-editor.default\">\n\t\t\t\t<div class=\"elementor-widget-container\">\n\t\t\t\t\t\t\t\t\t<p><span style=\"font-weight: 400;\">Cari studenti, genitori, tutori e sponsor.<\/span><\/p><p><span style=\"font-weight: 400;\">Benvenuti al nostro manuale scolastico. Siamo entusiasti di avervi come parte della nostra comunit\u00e0 scolastica e ci aspettiamo anni di successo e soddisfazioni.<\/span><\/p><p><span style=\"font-weight: 400;\">Abbiamo preparato un Manuale scolastico completo per fornirti informazioni importanti, politiche e procedure che ti aiuteranno a guidarti durante tutto il tempo trascorso con noi. Questo manuale \u00e8 una risorsa preziosa per studenti e genitori, offrendo indicazioni su vari aspetti della vita scolastica, tra cui aspettative accademiche, condotta degli studenti, attivit\u00e0 extracurriculari e molto altro.<\/span><\/p><p><span style=\"font-weight: 400;\">Mentre leggete attentamente lo School Handbook, vi incoraggiamo a familiarizzare con i suoi contenuti e a consultarlo ogni volta che avete domande o avete bisogno di chiarimenti. Il manuale \u00e8 stato progettato per promuovere un ambiente di apprendimento sicuro, inclusivo e favorevole, in cui ogni studente pu\u00f2 prosperare e raggiungere il suo pieno potenziale.<\/span><\/p><p><span style=\"font-weight: 400;\">Alla KINS Independent School, crediamo fermamente nel potere della collaborazione tra studenti, genitori ed educatori. Ci impegniamo a mantenere aperte le linee di comunicazione, assicurandoci che tutti coloro che sono coinvolti nell&#039;istruzione di uno studente siano ben informati e attivamente coinvolti. Lavorando insieme, possiamo fornire la migliore esperienza educativa possibile per i nostri studenti.<\/span><\/p><p><span style=\"font-weight: 400;\">Si prega di notare che lo School Handbook \u00e8 un documento vivo che pu\u00f2 essere aggiornato di tanto in tanto. Vi invitiamo a rimanere in contatto con la comunit\u00e0 scolastica tramite il nostro sito web, le newsletter e altri canali di comunicazione, poich\u00e9 vi informeremo di eventuali modifiche o aggiunte al manuale durante l&#039;anno.<\/span><\/p><p><span style=\"font-weight: 400;\">Ancora una volta, porgiamo un caloroso benvenuto a tutti i nostri studenti e alle loro famiglie. Siamo entusiasti di intraprendere questo viaggio educativo insieme e siamo certi che, con la vostra collaborazione e dedizione, quest&#039;anno sar\u00e0 pieno di crescita, successi ed esperienze memorabili.<\/span><\/p><p><span style=\"font-weight: 400;\">Vi auguro un anno fantastico!<\/span><\/p>\t\t\t\t\t\t\t\t<\/div>\n\t\t\t\t<\/div>\n\t\t\t\t<div class=\"elementor-element elementor-element-eb8fe0b elementor-widget elementor-widget-button\" data-id=\"eb8fe0b\" data-element_type=\"widget\" data-widget_type=\"button.default\">\n\t\t\t\t<div class=\"elementor-widget-container\">\n\t\t\t\t\t\t\t\t\t<div class=\"elementor-button-wrapper\">\n\t\t\t\t\t<a class=\"elementor-button elementor-button-link elementor-size-sm\" href=\"https:\/\/www.zanzibarkins.com\/wp-content\/uploads\/2023\/06\/KINS-Family-Book-Amended.pdf\" target=\"_blank\">\n\t\t\t\t\t\t<span class=\"elementor-button-content-wrapper\">\n\t\t\t\t\t\t<span class=\"elementor-button-icon\">\n\t\t\t\t<i aria-hidden=\"true\" class=\"fas fa-file-pdf\"><\/i>\t\t\t<\/span>\n\t\t\t\t\t\t\t\t\t<span class=\"elementor-button-text\">Scarica il Manuale della famiglia KINS<\/span>\n\t\t\t\t\t<\/span>\n\t\t\t\t\t<\/a>\n\t\t\t\t<\/div>\n\t\t\t\t\t\t\t\t<\/div>\n\t\t\t\t<\/div>\n\t\t\t\t\t<\/div>\n\t\t<\/div>\n\t\t\t\t\t<\/div>\n\t\t<\/section>\n\t\t\t\t\t<\/div>\n\t\t<\/div>\n\t\t\t\t\t<\/div>\n\t\t<\/section>\n\t\t\t\t<\/div>","protected":false},"excerpt":{"rendered":"<p>kins family handbook Dear Students, Parents, Guardians and Sponsors. Welcome to our school handbook. We are thrilled to have you as part of our school community and look forward to a successful and fulfilling years ahead. We have prepared a comprehensive School Handbook to provide you with important information, policies, and procedures that will help [&hellip;]<\/p>","protected":false},"author":1,"featured_media":0,"parent":0,"menu_order":0,"comment_status":"closed","ping_status":"closed","template":"elementor_header_footer","meta":{"_acf_changed":false,"footnotes":""},"class_list":["post-250","page","type-page","status-publish","hentry"],"acf":[],"yoast_head":"<!-- This site is optimized with the Yoast SEO plugin v27.3 - https:\/\/yoast.com\/product\/yoast-seo-wordpress\/ -->\n<title>KINS family handbook - KINS<\/title>\n<meta name=\"robots\" content=\"index, follow, max-snippet:-1, max-image-preview:large, max-video-preview:-1\" \/>\n<link rel=\"canonical\" href=\"https:\/\/www.zanzibarkins.com\/it\/manuale-della-famiglia-kins\/\" \/>\n<meta property=\"og:locale\" content=\"it_IT\" \/>\n<meta property=\"og:type\" content=\"article\" \/>\n<meta property=\"og:title\" content=\"KINS family handbook - KINS\" \/>\n<meta property=\"og:description\" content=\"kins family handbook Dear Students, Parents, Guardians and Sponsors. Welcome to our school handbook. We are thrilled to have you as part of our school community and look forward to a successful and fulfilling years ahead. We have prepared a comprehensive School Handbook to provide you with important information, policies, and procedures that will help [&hellip;]\" \/>\n<meta property=\"og:url\" content=\"https:\/\/www.zanzibarkins.com\/it\/manuale-della-famiglia-kins\/\" \/>\n<meta property=\"og:site_name\" content=\"KINS\" \/>\n<meta property=\"article:modified_time\" content=\"2023-07-29T09:19:10+00:00\" \/>\n<meta property=\"og:image\" content=\"https:\/\/www.zanzibarkins.com\/wp-content\/uploads\/2023\/05\/underline.png\" \/>\n<meta name=\"twitter:card\" content=\"summary_large_image\" \/>\n<meta name=\"twitter:label1\" content=\"Tempo di lettura stimato\" \/>\n\t<meta name=\"twitter:data1\" content=\"2 minuti\" \/>\n<script type=\"application\/ld+json\" class=\"yoast-schema-graph\">{\"@context\":\"https:\\\/\\\/schema.org\",\"@graph\":[{\"@type\":\"WebPage\",\"@id\":\"https:\\\/\\\/www.zanzibarkins.com\\\/kins-family-handbook\\\/\",\"url\":\"https:\\\/\\\/www.zanzibarkins.com\\\/kins-family-handbook\\\/\",\"name\":\"KINS family handbook - KINS\",\"isPartOf\":{\"@id\":\"https:\\\/\\\/www.zanzibarkins.com\\\/#website\"},\"primaryImageOfPage\":{\"@id\":\"https:\\\/\\\/www.zanzibarkins.com\\\/kins-family-handbook\\\/#primaryimage\"},\"image\":{\"@id\":\"https:\\\/\\\/www.zanzibarkins.com\\\/kins-family-handbook\\\/#primaryimage\"},\"thumbnailUrl\":\"https:\\\/\\\/www.zanzibarkins.com\\\/wp-content\\\/uploads\\\/2023\\\/05\\\/underline.png\",\"datePublished\":\"2023-06-23T18:07:11+00:00\",\"dateModified\":\"2023-07-29T09:19:10+00:00\",\"breadcrumb\":{\"@id\":\"https:\\\/\\\/www.zanzibarkins.com\\\/kins-family-handbook\\\/#breadcrumb\"},\"inLanguage\":\"it-IT\",\"potentialAction\":[{\"@type\":\"ReadAction\",\"target\":[\"https:\\\/\\\/www.zanzibarkins.com\\\/kins-family-handbook\\\/\"]}]},{\"@type\":\"ImageObject\",\"inLanguage\":\"it-IT\",\"@id\":\"https:\\\/\\\/www.zanzibarkins.com\\\/kins-family-handbook\\\/#primaryimage\",\"url\":\"https:\\\/\\\/www.zanzibarkins.com\\\/wp-content\\\/uploads\\\/2023\\\/05\\\/underline.png\",\"contentUrl\":\"https:\\\/\\\/www.zanzibarkins.com\\\/wp-content\\\/uploads\\\/2023\\\/05\\\/underline.png\"},{\"@type\":\"BreadcrumbList\",\"@id\":\"https:\\\/\\\/www.zanzibarkins.com\\\/kins-family-handbook\\\/#breadcrumb\",\"itemListElement\":[{\"@type\":\"ListItem\",\"position\":1,\"name\":\"Home\",\"item\":\"https:\\\/\\\/www.zanzibarkins.com\\\/\"},{\"@type\":\"ListItem\",\"position\":2,\"name\":\"KINS family handbook\"}]},{\"@type\":\"WebSite\",\"@id\":\"https:\\\/\\\/www.zanzibarkins.com\\\/#website\",\"url\":\"https:\\\/\\\/www.zanzibarkins.com\\\/\",\"name\":\"KINS\",\"description\":\"\",\"potentialAction\":[{\"@type\":\"SearchAction\",\"target\":{\"@type\":\"EntryPoint\",\"urlTemplate\":\"https:\\\/\\\/www.zanzibarkins.com\\\/?s={search_term_string}\"},\"query-input\":{\"@type\":\"PropertyValueSpecification\",\"valueRequired\":true,\"valueName\":\"search_term_string\"}}],\"inLanguage\":\"it-IT\"}]}<\/script>\n<!-- \/ Yoast SEO plugin. -->","yoast_head_json":{"title":"Manuale della famiglia KINS - KINS","robots":{"index":"index","follow":"follow","max-snippet":"max-snippet:-1","max-image-preview":"max-image-preview:large","max-video-preview":"max-video-preview:-1"},"canonical":"https:\/\/www.zanzibarkins.com\/it\/manuale-della-famiglia-kins\/","og_locale":"it_IT","og_type":"article","og_title":"KINS family handbook - KINS","og_description":"kins family handbook Dear Students, Parents, Guardians and Sponsors. Welcome to our school handbook. We are thrilled to have you as part of our school community and look forward to a successful and fulfilling years ahead. We have prepared a comprehensive School Handbook to provide you with important information, policies, and procedures that will help [&hellip;]","og_url":"https:\/\/www.zanzibarkins.com\/it\/manuale-della-famiglia-kins\/","og_site_name":"KINS","article_modified_time":"2023-07-29T09:19:10+00:00","og_image":[{"url":"https:\/\/www.zanzibarkins.com\/wp-content\/uploads\/2023\/05\/underline.png","type":"","width":"","height":""}],"twitter_card":"summary_large_image","twitter_misc":{"Tempo di lettura stimato":"2 minuti"},"schema":{"@context":"https:\/\/schema.org","@graph":[{"@type":"WebPage","@id":"https:\/\/www.zanzibarkins.com\/kins-family-handbook\/","url":"https:\/\/www.zanzibarkins.com\/kins-family-handbook\/","name":"Manuale della famiglia KINS - KINS","isPartOf":{"@id":"https:\/\/www.zanzibarkins.com\/#website"},"primaryImageOfPage":{"@id":"https:\/\/www.zanzibarkins.com\/kins-family-handbook\/#primaryimage"},"image":{"@id":"https:\/\/www.zanzibarkins.com\/kins-family-handbook\/#primaryimage"},"thumbnailUrl":"https:\/\/www.zanzibarkins.com\/wp-content\/uploads\/2023\/05\/underline.png","datePublished":"2023-06-23T18:07:11+00:00","dateModified":"2023-07-29T09:19:10+00:00","breadcrumb":{"@id":"https:\/\/www.zanzibarkins.com\/kins-family-handbook\/#breadcrumb"},"inLanguage":"it-IT","potentialAction":[{"@type":"ReadAction","target":["https:\/\/www.zanzibarkins.com\/kins-family-handbook\/"]}]},{"@type":"ImageObject","inLanguage":"it-IT","@id":"https:\/\/www.zanzibarkins.com\/kins-family-handbook\/#primaryimage","url":"https:\/\/www.zanzibarkins.com\/wp-content\/uploads\/2023\/05\/underline.png","contentUrl":"https:\/\/www.zanzibarkins.com\/wp-content\/uploads\/2023\/05\/underline.png"},{"@type":"BreadcrumbList","@id":"https:\/\/www.zanzibarkins.com\/kins-family-handbook\/#breadcrumb","itemListElement":[{"@type":"ListItem","position":1,"name":"Home","item":"https:\/\/www.zanzibarkins.com\/"},{"@type":"ListItem","position":2,"name":"KINS family handbook"}]},{"@type":"WebSite","@id":"https:\/\/www.zanzibarkins.com\/#website","url":"https:\/\/www.zanzibarkins.com\/","name":"PARENTI","description":"","potentialAction":[{"@type":"SearchAction","target":{"@type":"EntryPoint","urlTemplate":"https:\/\/www.zanzibarkins.com\/?s={search_term_string}"},"query-input":{"@type":"PropertyValueSpecification","valueRequired":true,"valueName":"search_term_string"}}],"inLanguage":"it-IT"}]}},"_links":{"self":[{"href":"https:\/\/www.zanzibarkins.com\/it\/wp-json\/wp\/v2\/pages\/250","targetHints":{"allow":["GET"]}}],"collection":[{"href":"https:\/\/www.zanzibarkins.com\/it\/wp-json\/wp\/v2\/pages"}],"about":[{"href":"https:\/\/www.zanzibarkins.com\/it\/wp-json\/wp\/v2\/types\/page"}],"author":[{"embeddable":true,"href":"https:\/\/www.zanzibarkins.com\/it\/wp-json\/wp\/v2\/users\/1"}],"replies":[{"embeddable":true,"href":"https:\/\/www.zanzibarkins.com\/it\/wp-json\/wp\/v2\/comments?post=250"}],"version-history":[{"count":5,"href":"https:\/\/www.zanzibarkins.com\/it\/wp-json\/wp\/v2\/pages\/250\/revisions"}],"predecessor-version":[{"id":1437,"href":"https:\/\/www.zanzibarkins.com\/it\/wp-json\/wp\/v2\/pages\/250\/revisions\/1437"}],"wp:attachment":[{"href":"https:\/\/www.zanzibarkins.com\/it\/wp-json\/wp\/v2\/media?parent=250"}],"curies":[{"name":"wp","href":"https:\/\/api.w.org\/{rel}","templated":true}]}}