{"id":139,"date":"2023-05-23T14:10:43","date_gmt":"2023-05-23T14:10:43","guid":{"rendered":"https:\/\/kins.simplyit.solutions\/?page_id=139"},"modified":"2024-02-17T14:15:52","modified_gmt":"2024-02-17T11:15:52","slug":"kontakt","status":"publish","type":"page","link":"https:\/\/www.zanzibarkins.com\/pl\/kontakt\/","title":{"rendered":"Skontaktuj si\u0119 z nami"},"content":{"rendered":"<div data-elementor-type=\"wp-page\" data-elementor-id=\"139\" class=\"elementor elementor-139\" data-elementor-post-type=\"page\">\n\t\t\t\t\t\t<section class=\"elementor-section elementor-top-section elementor-element elementor-element-010ec3e elementor-section-boxed elementor-section-height-default elementor-section-height-default\" data-id=\"010ec3e\" data-element_type=\"section\">\n\t\t\t\t\t\t<div class=\"elementor-container elementor-column-gap-default\">\n\t\t\t\t\t<div class=\"elementor-column elementor-col-50 elementor-top-column elementor-element elementor-element-74a6e52\" data-id=\"74a6e52\" data-element_type=\"column\">\n\t\t\t<div class=\"elementor-widget-wrap elementor-element-populated\">\n\t\t\t\t\t\t<div class=\"elementor-element elementor-element-4184125 elementor-view-default elementor-position-block-start elementor-mobile-position-block-start elementor-widget elementor-widget-icon-box\" data-id=\"4184125\" data-element_type=\"widget\" data-widget_type=\"icon-box.default\">\n\t\t\t\t<div class=\"elementor-widget-container\">\n\t\t\t\t\t\t\t<div class=\"elementor-icon-box-wrapper\">\n\n\t\t\t\t\t\t<div class=\"elementor-icon-box-icon\">\n\t\t\t\t<span  class=\"elementor-icon\">\n\t\t\t\t<i aria-hidden=\"true\" class=\"fas fa-mobile-alt\"><\/i>\t\t\t\t<\/span>\n\t\t\t<\/div>\n\t\t\t\n\t\t\t\t\t\t<div class=\"elementor-icon-box-content\">\n\n\t\t\t\t\t\t\t\t\t<h3 class=\"elementor-icon-box-title\">\n\t\t\t\t\t\t<span  >\n\t\t\t\t\t\t\tTelefon\t\t\t\t\t\t<\/span>\n\t\t\t\t\t<\/h3>\n\t\t\t\t\n\t\t\t\t\t\t\t\t\t<p class=\"elementor-icon-box-description\">\n\t\t\t\t\t\t<a href=\"tel:+255 622 433 124\">+255 622 433 124<\/a>  <br><a href=\"tel:+255 612 243 475\">+255 612 243 475<\/a>\t\t\t\t\t<\/p>\n\t\t\t\t\n\t\t\t<\/div>\n\t\t\t\n\t\t<\/div>\n\t\t\t\t\t\t<\/div>\n\t\t\t\t<\/div>\n\t\t\t\t<div class=\"elementor-element elementor-element-8342138 elementor-view-default elementor-position-block-start elementor-mobile-position-block-start elementor-widget elementor-widget-icon-box\" data-id=\"8342138\" data-element_type=\"widget\" data-widget_type=\"icon-box.default\">\n\t\t\t\t<div class=\"elementor-widget-container\">\n\t\t\t\t\t\t\t<div class=\"elementor-icon-box-wrapper\">\n\n\t\t\t\t\t\t<div class=\"elementor-icon-box-icon\">\n\t\t\t\t<span  class=\"elementor-icon\">\n\t\t\t\t<i aria-hidden=\"true\" class=\"fas fa-envelope\"><\/i>\t\t\t\t<\/span>\n\t\t\t<\/div>\n\t\t\t\n\t\t\t\t\t\t<div class=\"elementor-icon-box-content\">\n\n\t\t\t\t\t\t\t\t\t<h3 class=\"elementor-icon-box-title\">\n\t\t\t\t\t\t<span  >\n\t\t\t\t\t\t\tE-mail\t\t\t\t\t\t<\/span>\n\t\t\t\t\t<\/h3>\n\t\t\t\t\n\t\t\t\t\t\t\t\t\t<p class=\"elementor-icon-box-description\">\n\t\t\t\t\t\t<a href=\"mailto:direction@zanzibarkins.com\">kierunek@zanzibarkins.com<\/a> <br><a href=\"mailto:simone@zanzibarkins.com\">simone@zanzibarkins.com <\/a>\t\t\t\t\t<\/p>\n\t\t\t\t\n\t\t\t<\/div>\n\t\t\t\n\t\t<\/div>\n\t\t\t\t\t\t<\/div>\n\t\t\t\t<\/div>\n\t\t\t\t<div class=\"elementor-element elementor-element-bf11e6d elementor-view-default elementor-position-block-start elementor-mobile-position-block-start elementor-widget elementor-widget-icon-box\" data-id=\"bf11e6d\" data-element_type=\"widget\" data-widget_type=\"icon-box.default\">\n\t\t\t\t<div class=\"elementor-widget-container\">\n\t\t\t\t\t\t\t<div class=\"elementor-icon-box-wrapper\">\n\n\t\t\t\t\t\t<div class=\"elementor-icon-box-icon\">\n\t\t\t\t<a href=\"https:\/\/maps.app.goo.gl\/m58czkEMhJwXqWQPA\" class=\"elementor-icon\" tabindex=\"-1\" aria-label=\"Lokalizacja\">\n\t\t\t\t<i aria-hidden=\"true\" class=\"fas fa-map-marked-alt\"><\/i>\t\t\t\t<\/a>\n\t\t\t<\/div>\n\t\t\t\n\t\t\t\t\t\t<div class=\"elementor-icon-box-content\">\n\n\t\t\t\t\t\t\t\t\t<h3 class=\"elementor-icon-box-title\">\n\t\t\t\t\t\t<a href=\"https:\/\/maps.app.goo.gl\/m58czkEMhJwXqWQPA\" >\n\t\t\t\t\t\t\tLokalizacja\t\t\t\t\t\t<\/a>\n\t\t\t\t\t<\/h3>\n\t\t\t\t\n\t\t\t\t\t\t\t\t\t<p class=\"elementor-icon-box-description\">\n\t\t\t\t\t\tPwani Machangani<br>\nZanzibar, Tanzania\t\t\t\t\t<\/p>\n\t\t\t\t\n\t\t\t<\/div>\n\t\t\t\n\t\t<\/div>\n\t\t\t\t\t\t<\/div>\n\t\t\t\t<\/div>\n\t\t\t\t\t<\/div>\n\t\t<\/div>\n\t\t\t\t<div class=\"elementor-column elementor-col-50 elementor-top-column elementor-element elementor-element-aa066bc\" data-id=\"aa066bc\" data-element_type=\"column\">\n\t\t\t<div class=\"elementor-widget-wrap elementor-element-populated\">\n\t\t\t\t\t\t<div class=\"elementor-element elementor-element-4d4c43d elementor-widget elementor-widget-heading\" data-id=\"4d4c43d\" data-element_type=\"widget\" data-widget_type=\"heading.default\">\n\t\t\t\t<div class=\"elementor-widget-container\">\n\t\t\t\t\t<h3 class=\"elementor-heading-title elementor-size-default\">wy\u015blij nam<\/h3>\t\t\t\t<\/div>\n\t\t\t\t<\/div>\n\t\t\t\t<div class=\"elementor-element elementor-element-25d2430 elementor-widget elementor-widget-heading\" data-id=\"25d2430\" data-element_type=\"widget\" data-widget_type=\"heading.default\">\n\t\t\t\t<div class=\"elementor-widget-container\">\n\t\t\t\t\t<h2 class=\"elementor-heading-title elementor-size-default\">e-mail<\/h2>\t\t\t\t<\/div>\n\t\t\t\t<\/div>\n\t\t\t\t<div class=\"elementor-element elementor-element-201078a elementor-widget elementor-widget-image\" data-id=\"201078a\" data-element_type=\"widget\" data-widget_type=\"image.default\">\n\t\t\t\t<div class=\"elementor-widget-container\">\n\t\t\t\t\t\t\t\t\t\t\t\t\t\t\t<img decoding=\"async\" width=\"426\" height=\"20\" src=\"https:\/\/www.zanzibarkins.com\/wp-content\/uploads\/2023\/05\/underline-blue.png\" class=\"attachment-large size-large wp-image-86\" alt=\"\" srcset=\"https:\/\/www.zanzibarkins.com\/wp-content\/uploads\/2023\/05\/underline-blue.png 426w, https:\/\/www.zanzibarkins.com\/wp-content\/uploads\/2023\/05\/underline-blue-300x14.png 300w\" sizes=\"(max-width: 426px) 100vw, 426px\" \/>\t\t\t\t\t\t\t\t\t\t\t\t\t\t\t<\/div>\n\t\t\t\t<\/div>\n\t\t\t\t<div class=\"elementor-element elementor-element-c888943 elementor-widget elementor-widget-shortcode\" data-id=\"c888943\" data-element_type=\"widget\" data-widget_type=\"shortcode.default\">\n\t\t\t\t<div class=\"elementor-widget-container\">\n\t\t\t\t\t\t\t<div class=\"elementor-shortcode\"><div class=\"forminator-ui forminator-custom-form forminator-custom-form-673 forminator-design--default  forminator_ajax\" data-forminator-render=\"0\" data-form=\"forminator-module-673\" data-uid=\"69e4d0bfa2c3e\"><br\/><\/div><form\n\t\t\t\tid=\"forminator-module-673\"\n\t\t\t\tclass=\"forminator-ui forminator-custom-form forminator-custom-form-673 forminator-design--default  forminator_ajax\"\n\t\t\t\tmethod=\"post\"\n\t\t\t\tdata-forminator-render=\"0\"\n\t\t\t\tdata-form-id=\"673\"\n\t\t\t\t data-color-option=\"default\" data-design=\"default\" data-grid=\"open\" style=\"display: none;\"\n\t\t\t\tdata-uid=\"69e4d0bfa2c3e\" action=\"\"\n\t\t\t><div role=\"alert\" aria-live=\"polite\" class=\"forminator-response-message forminator-error\" aria-hidden=\"true\"><\/div><div class=\"forminator-row\"><div id=\"name-1\" class=\"forminator-field-name forminator-col forminator-col-12\"><div class=\"forminator-field\"><input type=\"text\" name=\"name-1\" value=\"\" placeholder=\"Nazwa\" id=\"forminator-field-name-1_69e4d0bfa2c3e\" class=\"forminator-input forminator-name--field\" aria-required=\"true\" autocomplete=\"name\" \/><\/div><\/div><\/div><div class=\"forminator-row\"><div id=\"phone-1\" class=\"forminator-field-phone forminator-col forminator-col-6\"><div class=\"forminator-field\"><input type=\"text\" name=\"phone-1\" value=\"\" placeholder=\"Numer telefonu\" id=\"forminator-field-phone-1_69e4d0bfa2c3e\" class=\"forminator-input forminator-field--phone\" data-required=\"1\" aria-required=\"true\" autocomplete=\"off\" data-national_mode=\"disabled\" data-country=\"tz\" data-validation=\"international\" \/><\/div><\/div><div id=\"email-1\" class=\"forminator-field-email forminator-col forminator-col-6\"><div class=\"forminator-field\"><input type=\"email\" name=\"email-1\" value=\"\" placeholder=\"E-mail\" id=\"forminator-field-email-1_69e4d0bfa2c3e\" class=\"forminator-input forminator-email--field\" data-required=\"true\" aria-required=\"true\" autocomplete=\"email\" \/><\/div><\/div><\/div><div class=\"forminator-row\"><div id=\"textarea-2\" class=\"forminator-field-textarea forminator-col forminator-col-12\"><div class=\"forminator-field\"><label for=\"forminator-field-textarea-2_69e4d0bfa2c3e\" id=\"forminator-field-textarea-2_69e4d0bfa2c3e-label\" class=\"forminator-label\">Wiadomo\u015b\u0107 <span class=\"forminator-required\">*<\/span><\/label><textarea name=\"textarea-2\" placeholder=\"Wiadomo\u015b\u0107\" id=\"forminator-field-textarea-2_69e4d0bfa2c3e\" class=\"forminator-textarea\" rows=\"6\" style=\"min-height:140px;\" ><\/textarea><\/div><\/div><\/div><div class=\"forminator-row\"><div id=\"captcha-1\" class=\"forminator-field-captcha forminator-col forminator-col-12\"><div class=\"forminator-captcha-left forminator-g-recaptcha\" data-theme=\"light\"  data-sitekey=\"6LeG2Q8nAAAAANssi15Eun7EahIPL43aHEIzk9wB\" data-size=\"normal\"><\/div> <\/div><\/div><input type=\"hidden\" name=\"referer_url\" value=\"\" \/><div class=\"forminator-row forminator-row-last\"><div class=\"forminator-col\"><div class=\"forminator-field\"><button class=\"forminator-button forminator-button-submit\">Wys\u0142a\u0107<\/button><\/div><\/div><\/div><input type=\"hidden\" id=\"forminator_nonce\" name=\"forminator_nonce\" value=\"d76dbe3f97\" \/><input type=\"hidden\" name=\"_wp_http_referer\" value=\"\/pl\/wp-json\/wp\/v2\/pages\/139\" \/><input type=\"hidden\" name=\"form_id\" value=\"673\"><input type=\"hidden\" name=\"page_id\" value=\"139\"><input type=\"hidden\" name=\"form_type\" value=\"default\"><input type=\"hidden\" name=\"current_url\" value=\"https:\/\/www.zanzibarkins.com\/pl\/kontakt\/\"><input type=\"hidden\" name=\"render_id\" value=\"0\"><input type=\"hidden\" name=\"action\" value=\"forminator_submit_form_custom-forms\"><input type=\"hidden\" name=\"trp-form-language\" value=\"pl\"\/><\/form><\/div>\n\t\t\t\t\t\t<\/div>\n\t\t\t\t<\/div>\n\t\t\t\t\t<\/div>\n\t\t<\/div>\n\t\t\t\t\t<\/div>\n\t\t<\/section>\n\t\t\t\t<section class=\"elementor-section elementor-top-section elementor-element elementor-element-2e991994 elementor-section-full_width elementor-section-height-default elementor-section-height-default\" data-id=\"2e991994\" data-element_type=\"section\">\n\t\t\t\t\t\t<div class=\"elementor-container elementor-column-gap-no\">\n\t\t\t\t\t<div class=\"elementor-column elementor-col-100 elementor-top-column elementor-element elementor-element-30fab9f6\" data-id=\"30fab9f6\" data-element_type=\"column\">\n\t\t\t<div class=\"elementor-widget-wrap elementor-element-populated\">\n\t\t\t\t\t\t<div class=\"elementor-element elementor-element-8b0ff90 elementor-widget elementor-widget-heading\" data-id=\"8b0ff90\" data-element_type=\"widget\" data-widget_type=\"heading.default\">\n\t\t\t\t<div class=\"elementor-widget-container\">\n\t\t\t\t\t<h2 class=\"elementor-heading-title elementor-size-default\">Nasza lokalizacja<\/h2>\t\t\t\t<\/div>\n\t\t\t\t<\/div>\n\t\t\t\t<div class=\"elementor-element elementor-element-fbdc999 elementor-widget elementor-widget-image\" data-id=\"fbdc999\" data-element_type=\"widget\" data-widget_type=\"image.default\">\n\t\t\t\t<div class=\"elementor-widget-container\">\n\t\t\t\t\t\t\t\t\t\t\t\t\t\t\t<img decoding=\"async\" width=\"426\" height=\"20\" src=\"https:\/\/www.zanzibarkins.com\/wp-content\/uploads\/2023\/05\/underline-blue.png\" class=\"attachment-full size-full wp-image-86\" alt=\"\" srcset=\"https:\/\/www.zanzibarkins.com\/wp-content\/uploads\/2023\/05\/underline-blue.png 426w, https:\/\/www.zanzibarkins.com\/wp-content\/uploads\/2023\/05\/underline-blue-300x14.png 300w\" sizes=\"(max-width: 426px) 100vw, 426px\" \/>\t\t\t\t\t\t\t\t\t\t\t\t\t\t\t<\/div>\n\t\t\t\t<\/div>\n\t\t\t\t<div class=\"elementor-element elementor-element-2ba9454a elementor-widget elementor-widget-google_maps\" data-id=\"2ba9454a\" data-element_type=\"widget\" data-widget_type=\"google_maps.default\">\n\t\t\t\t<div class=\"elementor-widget-container\">\n\t\t\t\t\t\t\t<div class=\"elementor-custom-embed\">\n\t\t\t<iframe loading=\"lazy\"\n\t\t\t\t\tsrc=\"https:\/\/maps.google.com\/maps?q=KINS-KIwengwa%20Nusery%20and%20Primary%20School&#038;t=m&#038;z=14&#038;output=embed&#038;iwloc=near\"\n\t\t\t\t\ttitle=\"Szko\u0142a podstawowa i szko\u0142a podstawowa KINS-KIwengwa\"\n\t\t\t\t\taria-label=\"Szko\u0142a podstawowa i szko\u0142a podstawowa KINS-KIwengwa\"\n\t\t\t><\/iframe>\n\t\t<\/div>\n\t\t\t\t\t\t<\/div>\n\t\t\t\t<\/div>\n\t\t\t\t\t<\/div>\n\t\t<\/div>\n\t\t\t\t\t<\/div>\n\t\t<\/section>\n\t\t\t\t<\/div>","protected":false},"excerpt":{"rendered":"<p>Je\u015bli jeste\u015b rodzicem dziecka w wieku szkolnym szukaj\u0105cym szk\u00f3\u0142 na Zanzibarze lub wykwalifikowanym nauczycielem mi\u0119dzynarodowym poszukuj\u0105cym pracy w Afryce Wschodniej, skontaktuj si\u0119 z nami, je\u015bli potrzebujesz informacji na temat naszej szko\u0142y lub, bardziej og\u00f3lnie, szk\u00f3\u0142 na Zanzibarze, edukacji w Tanzanii w Afryce Wschodniej lub ucznia szko\u0142y podstawowej.<\/p>","protected":false},"author":1,"featured_media":1984,"parent":0,"menu_order":0,"comment_status":"closed","ping_status":"closed","template":"","meta":{"_acf_changed":false,"footnotes":""},"class_list":["post-139","page","type-page","status-publish","has-post-thumbnail","hentry"],"acf":[],"yoast_head":"<!-- This site is optimized with the Yoast SEO plugin v27.4 - https:\/\/yoast.com\/product\/yoast-seo-wordpress\/ -->\n<title>Contact Us - KINS<\/title>\n<meta name=\"description\" content=\"Contact Us - a School in Zanzibar Parent looking for schools in Zanzibar qualified international teacher looking for a post in Tanzania\" \/>\n<meta name=\"robots\" content=\"index, follow, max-snippet:-1, max-image-preview:large, max-video-preview:-1\" \/>\n<link rel=\"canonical\" href=\"https:\/\/www.zanzibarkins.com\/pl\/kontakt\/\" \/>\n<meta property=\"og:locale\" content=\"pl_PL\" \/>\n<meta property=\"og:type\" content=\"article\" \/>\n<meta property=\"og:title\" content=\"Contact Us - KINS\" \/>\n<meta property=\"og:description\" content=\"Contact Us - a School in Zanzibar Parent looking for schools in Zanzibar qualified international teacher looking for a post in Tanzania\" \/>\n<meta property=\"og:url\" content=\"https:\/\/www.zanzibarkins.com\/pl\/kontakt\/\" \/>\n<meta property=\"og:site_name\" content=\"KINS\" \/>\n<meta property=\"article:modified_time\" content=\"2024-02-17T11:15:52+00:00\" \/>\n<meta property=\"og:image\" content=\"https:\/\/www.zanzibarkins.com\/wp-content\/uploads\/2023\/08\/school_website-13.jpg\" \/>\n\t<meta property=\"og:image:width\" content=\"1623\" \/>\n\t<meta property=\"og:image:height\" content=\"1080\" \/>\n\t<meta property=\"og:image:type\" content=\"image\/jpeg\" \/>\n<meta name=\"twitter:card\" content=\"summary_large_image\" \/>\n<meta name=\"twitter:label1\" content=\"Szacowany czas czytania\" \/>\n\t<meta name=\"twitter:data1\" content=\"1 minuta\" \/>\n<script type=\"application\/ld+json\" class=\"yoast-schema-graph\">{\"@context\":\"https:\\\/\\\/schema.org\",\"@graph\":[{\"@type\":\"WebPage\",\"@id\":\"https:\\\/\\\/www.zanzibarkins.com\\\/contact\\\/\",\"url\":\"https:\\\/\\\/www.zanzibarkins.com\\\/contact\\\/\",\"name\":\"Contact Us - KINS\",\"isPartOf\":{\"@id\":\"https:\\\/\\\/www.zanzibarkins.com\\\/#website\"},\"primaryImageOfPage\":{\"@id\":\"https:\\\/\\\/www.zanzibarkins.com\\\/contact\\\/#primaryimage\"},\"image\":{\"@id\":\"https:\\\/\\\/www.zanzibarkins.com\\\/contact\\\/#primaryimage\"},\"thumbnailUrl\":\"https:\\\/\\\/www.zanzibarkins.com\\\/wp-content\\\/uploads\\\/2023\\\/08\\\/school_website-13.jpg\",\"datePublished\":\"2023-05-23T14:10:43+00:00\",\"dateModified\":\"2024-02-17T11:15:52+00:00\",\"description\":\"Contact Us - a School in Zanzibar Parent looking for schools in Zanzibar qualified international teacher looking for a post in Tanzania\",\"breadcrumb\":{\"@id\":\"https:\\\/\\\/www.zanzibarkins.com\\\/contact\\\/#breadcrumb\"},\"inLanguage\":\"pl-PL\",\"potentialAction\":[{\"@type\":\"ReadAction\",\"target\":[\"https:\\\/\\\/www.zanzibarkins.com\\\/contact\\\/\"]}]},{\"@type\":\"ImageObject\",\"inLanguage\":\"pl-PL\",\"@id\":\"https:\\\/\\\/www.zanzibarkins.com\\\/contact\\\/#primaryimage\",\"url\":\"https:\\\/\\\/www.zanzibarkins.com\\\/wp-content\\\/uploads\\\/2023\\\/08\\\/school_website-13.jpg\",\"contentUrl\":\"https:\\\/\\\/www.zanzibarkins.com\\\/wp-content\\\/uploads\\\/2023\\\/08\\\/school_website-13.jpg\",\"width\":1623,\"height\":1080,\"caption\":\"KINS school in Zanzibar curriculum\"},{\"@type\":\"BreadcrumbList\",\"@id\":\"https:\\\/\\\/www.zanzibarkins.com\\\/contact\\\/#breadcrumb\",\"itemListElement\":[{\"@type\":\"ListItem\",\"position\":1,\"name\":\"Home\",\"item\":\"https:\\\/\\\/www.zanzibarkins.com\\\/\"},{\"@type\":\"ListItem\",\"position\":2,\"name\":\"Contact Us\"}]},{\"@type\":\"WebSite\",\"@id\":\"https:\\\/\\\/www.zanzibarkins.com\\\/#website\",\"url\":\"https:\\\/\\\/www.zanzibarkins.com\\\/\",\"name\":\"KINS\",\"description\":\"\",\"potentialAction\":[{\"@type\":\"SearchAction\",\"target\":{\"@type\":\"EntryPoint\",\"urlTemplate\":\"https:\\\/\\\/www.zanzibarkins.com\\\/?s={search_term_string}\"},\"query-input\":{\"@type\":\"PropertyValueSpecification\",\"valueRequired\":true,\"valueName\":\"search_term_string\"}}],\"inLanguage\":\"pl-PL\"}]}<\/script>\n<!-- \/ Yoast SEO plugin. -->","yoast_head_json":{"title":"Skontaktuj si\u0119 z nami - KINS","description":"Skontaktuj si\u0119 z nami - Szko\u0142a w Zanzibarze Rodzic szukaj\u0105cy szk\u00f3\u0142 w Zanzibarze wykwalifikowany nauczyciel mi\u0119dzynarodowy szukaj\u0105cy stanowiska w Tanzanii","robots":{"index":"index","follow":"follow","max-snippet":"max-snippet:-1","max-image-preview":"max-image-preview:large","max-video-preview":"max-video-preview:-1"},"canonical":"https:\/\/www.zanzibarkins.com\/pl\/kontakt\/","og_locale":"pl_PL","og_type":"article","og_title":"Contact Us - KINS","og_description":"Contact Us - a School in Zanzibar Parent looking for schools in Zanzibar qualified international teacher looking for a post in Tanzania","og_url":"https:\/\/www.zanzibarkins.com\/pl\/kontakt\/","og_site_name":"KINS","article_modified_time":"2024-02-17T11:15:52+00:00","og_image":[{"width":1623,"height":1080,"url":"https:\/\/www.zanzibarkins.com\/wp-content\/uploads\/2023\/08\/school_website-13.jpg","type":"image\/jpeg"}],"twitter_card":"summary_large_image","twitter_misc":{"Szacowany czas czytania":"1 minuta"},"schema":{"@context":"https:\/\/schema.org","@graph":[{"@type":"WebPage","@id":"https:\/\/www.zanzibarkins.com\/contact\/","url":"https:\/\/www.zanzibarkins.com\/contact\/","name":"Skontaktuj si\u0119 z nami - KINS","isPartOf":{"@id":"https:\/\/www.zanzibarkins.com\/#website"},"primaryImageOfPage":{"@id":"https:\/\/www.zanzibarkins.com\/contact\/#primaryimage"},"image":{"@id":"https:\/\/www.zanzibarkins.com\/contact\/#primaryimage"},"thumbnailUrl":"https:\/\/www.zanzibarkins.com\/wp-content\/uploads\/2023\/08\/school_website-13.jpg","datePublished":"2023-05-23T14:10:43+00:00","dateModified":"2024-02-17T11:15:52+00:00","description":"Skontaktuj si\u0119 z nami - Szko\u0142a w Zanzibarze Rodzic szukaj\u0105cy szk\u00f3\u0142 w Zanzibarze wykwalifikowany nauczyciel mi\u0119dzynarodowy szukaj\u0105cy stanowiska w Tanzanii","breadcrumb":{"@id":"https:\/\/www.zanzibarkins.com\/contact\/#breadcrumb"},"inLanguage":"pl-PL","potentialAction":[{"@type":"ReadAction","target":["https:\/\/www.zanzibarkins.com\/contact\/"]}]},{"@type":"ImageObject","inLanguage":"pl-PL","@id":"https:\/\/www.zanzibarkins.com\/contact\/#primaryimage","url":"https:\/\/www.zanzibarkins.com\/wp-content\/uploads\/2023\/08\/school_website-13.jpg","contentUrl":"https:\/\/www.zanzibarkins.com\/wp-content\/uploads\/2023\/08\/school_website-13.jpg","width":1623,"height":1080,"caption":"KINS school in Zanzibar curriculum"},{"@type":"BreadcrumbList","@id":"https:\/\/www.zanzibarkins.com\/contact\/#breadcrumb","itemListElement":[{"@type":"ListItem","position":1,"name":"Home","item":"https:\/\/www.zanzibarkins.com\/"},{"@type":"ListItem","position":2,"name":"Contact Us"}]},{"@type":"WebSite","@id":"https:\/\/www.zanzibarkins.com\/#website","url":"https:\/\/www.zanzibarkins.com\/","name":"KINS","description":"","potentialAction":[{"@type":"SearchAction","target":{"@type":"EntryPoint","urlTemplate":"https:\/\/www.zanzibarkins.com\/?s={search_term_string}"},"query-input":{"@type":"PropertyValueSpecification","valueRequired":true,"valueName":"search_term_string"}}],"inLanguage":"pl-PL"}]}},"_links":{"self":[{"href":"https:\/\/www.zanzibarkins.com\/pl\/wp-json\/wp\/v2\/pages\/139","targetHints":{"allow":["GET"]}}],"collection":[{"href":"https:\/\/www.zanzibarkins.com\/pl\/wp-json\/wp\/v2\/pages"}],"about":[{"href":"https:\/\/www.zanzibarkins.com\/pl\/wp-json\/wp\/v2\/types\/page"}],"author":[{"embeddable":true,"href":"https:\/\/www.zanzibarkins.com\/pl\/wp-json\/wp\/v2\/users\/1"}],"replies":[{"embeddable":true,"href":"https:\/\/www.zanzibarkins.com\/pl\/wp-json\/wp\/v2\/comments?post=139"}],"version-history":[{"count":5,"href":"https:\/\/www.zanzibarkins.com\/pl\/wp-json\/wp\/v2\/pages\/139\/revisions"}],"predecessor-version":[{"id":2262,"href":"https:\/\/www.zanzibarkins.com\/pl\/wp-json\/wp\/v2\/pages\/139\/revisions\/2262"}],"wp:featuredmedia":[{"embeddable":true,"href":"https:\/\/www.zanzibarkins.com\/pl\/wp-json\/wp\/v2\/media\/1984"}],"wp:attachment":[{"href":"https:\/\/www.zanzibarkins.com\/pl\/wp-json\/wp\/v2\/media?parent=139"}],"curies":[{"name":"wp","href":"https:\/\/api.w.org\/{rel}","templated":true}]}}