{"id":2250,"date":"2024-02-13T15:04:05","date_gmt":"2024-02-13T12:04:05","guid":{"rendered":"https:\/\/zanzibarkins.com\/?page_id=2250"},"modified":"2024-02-17T15:10:50","modified_gmt":"2024-02-17T12:10:50","slug":"nauczanie-w-zanzibarze","status":"publish","type":"page","link":"https:\/\/www.zanzibarkins.com\/pl\/nauczanie-w-zanzibarze\/","title":{"rendered":"Nauczaj w Zanzibarze"},"content":{"rendered":"<div data-elementor-type=\"wp-page\" data-elementor-id=\"2250\" class=\"elementor elementor-2250\" data-elementor-post-type=\"page\">\n\t\t\t\t\t\t<section class=\"elementor-section elementor-top-section elementor-element elementor-element-1642be8 elementor-section-boxed elementor-section-height-default elementor-section-height-default\" data-id=\"1642be8\" data-element_type=\"section\" data-settings=\"{&quot;background_background&quot;:&quot;classic&quot;}\">\n\t\t\t\t\t\t<div class=\"elementor-container elementor-column-gap-default\">\n\t\t\t\t\t<div class=\"elementor-column elementor-col-100 elementor-top-column elementor-element elementor-element-16ab52b\" data-id=\"16ab52b\" data-element_type=\"column\">\n\t\t\t<div class=\"elementor-widget-wrap elementor-element-populated\">\n\t\t\t\t\t\t<section class=\"elementor-section elementor-inner-section elementor-element elementor-element-91e8492 elementor-section-boxed elementor-section-height-default elementor-section-height-default\" data-id=\"91e8492\" data-element_type=\"section\">\n\t\t\t\t\t\t<div class=\"elementor-container elementor-column-gap-default\">\n\t\t\t\t\t<div class=\"elementor-column elementor-col-50 elementor-inner-column elementor-element elementor-element-39bf177\" data-id=\"39bf177\" data-element_type=\"column\" data-settings=\"{&quot;background_background&quot;:&quot;classic&quot;}\">\n\t\t\t<div class=\"elementor-widget-wrap elementor-element-populated\">\n\t\t\t\t\t\t<div class=\"elementor-element elementor-element-a3389c1 elementor-widget elementor-widget-heading\" data-id=\"a3389c1\" data-element_type=\"widget\" data-widget_type=\"heading.default\">\n\t\t\t\t<div class=\"elementor-widget-container\">\n\t\t\t\t\t<h3 class=\"elementor-heading-title elementor-size-default\">O nauczaniu w Zanzibarze<\/h3>\t\t\t\t<\/div>\n\t\t\t\t<\/div>\n\t\t\t\t<div class=\"elementor-element elementor-element-df308c8 elementor-widget elementor-widget-heading\" data-id=\"df308c8\" data-element_type=\"widget\" data-widget_type=\"heading.default\">\n\t\t\t\t<div class=\"elementor-widget-container\">\n\t\t\t\t\t<h2 class=\"elementor-heading-title elementor-size-default\">Ucz w KINS: Kszta\u0142tuj umys\u0142y, poznawaj kultury<\/h2>\t\t\t\t<\/div>\n\t\t\t\t<\/div>\n\t\t\t\t<div class=\"elementor-element elementor-element-5d07084 elementor-widget elementor-widget-image\" data-id=\"5d07084\" data-element_type=\"widget\" data-widget_type=\"image.default\">\n\t\t\t\t<div class=\"elementor-widget-container\">\n\t\t\t\t\t\t\t\t\t\t\t\t\t\t\t<img decoding=\"async\" width=\"426\" height=\"20\" src=\"https:\/\/www.zanzibarkins.com\/wp-content\/uploads\/2023\/05\/underline.png\" class=\"attachment-large size-large wp-image-18\" alt=\"\" srcset=\"https:\/\/www.zanzibarkins.com\/wp-content\/uploads\/2023\/05\/underline.png 426w, https:\/\/www.zanzibarkins.com\/wp-content\/uploads\/2023\/05\/underline-300x14.png 300w\" sizes=\"(max-width: 426px) 100vw, 426px\" \/>\t\t\t\t\t\t\t\t\t\t\t\t\t\t\t<\/div>\n\t\t\t\t<\/div>\n\t\t\t\t<div class=\"elementor-element elementor-element-6d08b9d elementor-widget elementor-widget-text-editor\" data-id=\"6d08b9d\" data-element_type=\"widget\" data-widget_type=\"text-editor.default\">\n\t\t\t\t<div class=\"elementor-widget-container\">\n\t\t\t\t\t\t\t\t\t<h4>Do\u0142\u0105cz do naszej mi\u0119dzynarodowej spo\u0142eczno\u015bci szkolnej w Zanzibarze!<\/h4>\nCzy pasjonujesz si\u0119 edukacj\u0105, wymian\u0105 kulturow\u0105 i robieniem r\u00f3\u017cnicy? Nie szukaj dalej! KINS, po\u0142o\u017cony na malowniczym wschodnim wybrze\u017cu Zanzibaru, czeka na oddanych nauczycieli takich jak Ty.\n<h3><strong>O firmie KINS:<\/strong><\/h3>\n<ul>\n \t<li><strong>Niezale\u017cna szko\u0142a Kiwengwa (KINS)<\/strong>\u00a0jest prywatn\u0105, non-profitow\u0105 instytucj\u0105, kt\u00f3rej celem jest zapewnienie wysokiej jako\u015bci edukacji.<\/li>\n \t<li>Nasi uczniowie w wieku od 2 do 12 lat pochodz\u0105 z r\u00f3\u017cnych \u015brodowisk i kultur, co tworzy dynamiczne \u015brodowisko edukacyjne.<\/li>\n \t<li>W KINS stawiamy na bezpiecze\u0144stwo, indywidualn\u0105 nauk\u0119 i holistyczny rozw\u00f3j.<\/li>\n<\/ul>\n<h3><strong>Dlaczego warto uczy\u0107 w KINS?<\/strong><\/h3>\n<ol>\n \t<li><strong>Globalna ekspozycja:<\/strong>\n<ul>\n \t<li>Zanurz si\u0119 w bogatej historii Zanzibaru, zachwycaj\u0105cych krajobrazach i ciep\u0142ej spo\u0142eczno\u015bci.<\/li>\n \t<li>Wsp\u00f3\u0142pracuj ze studentami r\u00f3\u017cnych narodowo\u015bci, promuj\u0105c porozumienie mi\u0119dzykulturowe.<\/li>\n<\/ul>\n<\/li>\n \t<li><strong>Innowacyjne nauczanie:<\/strong>\n<ul>\n \t<li>KINS promuje kreatywno\u015b\u0107, my\u015blenie krytyczne i spersonalizowane podej\u015bcie do nauczania.<\/li>\n \t<li>B\u0105d\u017a cz\u0119\u015bci\u0105 zespo\u0142u, kt\u00f3ry ceni sobie post\u0119pow\u0105 edukacj\u0119.<\/li>\n<\/ul>\n<\/li>\n \t<li><strong>Bezpieczne i pewne \u015brodowisko:<\/strong>\n<ul>\n \t<li>Nasze trawiaste przestrzenie na \u015bwie\u017cym powietrzu, dobrze wyposa\u017cony plac zabaw i piaskownica stanowi\u0105 idealne \u015brodowisko do nauki i zabawy.<\/li>\n \t<li>Zaj\u0119cia w klasach s\u0105 okazj\u0105 do zaprezentowania prac uczni\u00f3w i wzbudzaj\u0105 poczucie dumy.<\/li>\n<\/ul>\n<\/li>\n<\/ol>\n<h3><strong>Zatrudniamy zagranicznych nauczycieli do Zanzibaru!<\/strong><\/h3>\n<ul>\n \t<li><strong>Pozycja:<\/strong>\u00a0Wykwalifikowany nauczyciel szko\u0142y podstawowej<\/li>\n \t<li><strong>Wymagania:<\/strong>\n<ul>\n \t<li>Licencjat z edukacji<\/li>\n \t<li>Do\u015bwiadczenie z brytyjskim programem nauczania b\u0119dzie dodatkowym atutem<\/li>\n \t<li>Znajomo\u015b\u0107 komputera<\/li>\n \t<li>Znajduje si\u0119 w Zanzibarze lub Tanzanii<\/li>\n \t<li>Szczeg\u00f3\u0142y dotycz\u0105ce zakwaterowania i wynagrodzenia zostan\u0105 om\u00f3wione<\/li>\n<\/ul>\n<\/li>\n<\/ul>\n<h3><strong>Po\u0142\u0105cz si\u0119 z nami:<\/strong><\/h3>\nGotowy na t\u0119 edukacyjn\u0105 przygod\u0119? Wy\u015blij nam swoje CV i zdj\u0119cie <strong><a href=\"email:info@zanzibarkins.com\">info@zanzibarkins.com<\/a><\/strong> i rozpocznij proces do\u0142\u0105czenia do naszej rodziny KINS!\n\n<hr \/>\t\t\t\t\t\t\t\t<\/div>\n\t\t\t\t<\/div>\n\t\t\t\t\t<\/div>\n\t\t<\/div>\n\t\t\t\t<div class=\"elementor-column elementor-col-50 elementor-inner-column elementor-element elementor-element-08b4c47\" data-id=\"08b4c47\" data-element_type=\"column\">\n\t\t\t<div class=\"elementor-widget-wrap elementor-element-populated\">\n\t\t\t\t\t\t<div class=\"elementor-element elementor-element-0e69dad elementor-widget elementor-widget-image\" data-id=\"0e69dad\" data-element_type=\"widget\" data-widget_type=\"image.default\">\n\t\t\t\t<div class=\"elementor-widget-container\">\n\t\t\t\t\t\t\t\t\t\t\t\t\t\t\t<img decoding=\"async\" src=\"https:\/\/www.zanzibarkins.com\/wp-content\/uploads\/elementor\/thumbs\/school_website-63-1-r1022nn3bep70dmnup3ol9pu4pgf5dsoqjrnflq0ic.jpg\" title=\"strona_szkolna-63\" alt=\"Nauczaj w Zanzibarze\" loading=\"lazy\" \/>\t\t\t\t\t\t\t\t\t\t\t\t\t\t\t<\/div>\n\t\t\t\t<\/div>\n\t\t\t\t<div class=\"elementor-element elementor-element-1dfbec3 elementor-widget__width-auto elementor-absolute elementor-widget elementor-widget-image\" data-id=\"1dfbec3\" data-element_type=\"widget\" data-settings=\"{&quot;_position&quot;:&quot;absolute&quot;}\" data-widget_type=\"image.default\">\n\t\t\t\t<div class=\"elementor-widget-container\">\n\t\t\t\t\t\t\t\t\t\t\t\t\t\t\t<img decoding=\"async\" src=\"https:\/\/www.zanzibarkins.com\/wp-content\/uploads\/elementor\/thumbs\/school_website-60-r1022okxi8qhbzlap7ib5rhaq3bsd2wf2of4wvomc4.jpg\" title=\"strona_szkolna-60\" alt=\"strona_szkolna-60\" loading=\"lazy\" \/>\t\t\t\t\t\t\t\t\t\t\t\t\t\t\t<\/div>\n\t\t\t\t<\/div>\n\t\t\t\t<div class=\"elementor-element elementor-element-9b572d1 elementor-widget__width-auto elementor-absolute elementor-widget elementor-widget-image\" data-id=\"9b572d1\" data-element_type=\"widget\" data-settings=\"{&quot;_position&quot;:&quot;absolute&quot;}\" data-widget_type=\"image.default\">\n\t\t\t\t<div class=\"elementor-widget-container\">\n\t\t\t\t\t\t\t\t\t\t\t\t\t\t\t<img fetchpriority=\"high\" decoding=\"async\" width=\"406\" height=\"381\" src=\"https:\/\/www.zanzibarkins.com\/wp-content\/uploads\/2023\/05\/over-circle-lines.png\" class=\"attachment-large size-large wp-image-40\" alt=\"\" srcset=\"https:\/\/www.zanzibarkins.com\/wp-content\/uploads\/2023\/05\/over-circle-lines.png 406w, https:\/\/www.zanzibarkins.com\/wp-content\/uploads\/2023\/05\/over-circle-lines-300x282.png 300w\" sizes=\"(max-width: 406px) 100vw, 406px\" \/>\t\t\t\t\t\t\t\t\t\t\t\t\t\t\t<\/div>\n\t\t\t\t<\/div>\n\t\t\t\t<div class=\"elementor-element elementor-element-42a2558 elementor-widget elementor-widget-image\" data-id=\"42a2558\" data-element_type=\"widget\" data-widget_type=\"image.default\">\n\t\t\t\t<div class=\"elementor-widget-container\">\n\t\t\t\t\t\t\t\t\t\t\t\t\t\t\t<img decoding=\"async\" src=\"https:\/\/www.zanzibarkins.com\/wp-content\/uploads\/elementor\/thumbs\/em-r1022okxi8qhbzlap7ib5rhaq3bsd2wf2of4wvomc4.jpg\" title=\"oni\" alt=\"oni\" loading=\"lazy\" \/>\t\t\t\t\t\t\t\t\t\t\t\t\t\t\t<\/div>\n\t\t\t\t<\/div>\n\t\t\t\t<div class=\"elementor-element elementor-element-9da4a9f elementor-widget__width-auto elementor-absolute elementor-widget elementor-widget-image\" data-id=\"9da4a9f\" data-element_type=\"widget\" data-settings=\"{&quot;_position&quot;:&quot;absolute&quot;}\" data-widget_type=\"image.default\">\n\t\t\t\t<div class=\"elementor-widget-container\">\n\t\t\t\t\t\t\t\t\t\t\t\t\t\t\t<img decoding=\"async\" src=\"https:\/\/www.zanzibarkins.com\/wp-content\/uploads\/elementor\/thumbs\/school_website-60-r1022okxi8qhbzlap7ib5rhaq3bsd2wf2of4wvomc4.jpg\" title=\"strona_szkolna-60\" alt=\"strona_szkolna-60\" loading=\"lazy\" \/>\t\t\t\t\t\t\t\t\t\t\t\t\t\t\t<\/div>\n\t\t\t\t<\/div>\n\t\t\t\t<div class=\"elementor-element elementor-element-98fb63d elementor-widget__width-auto elementor-absolute elementor-widget elementor-widget-image\" data-id=\"98fb63d\" data-element_type=\"widget\" data-settings=\"{&quot;_position&quot;:&quot;absolute&quot;}\" data-widget_type=\"image.default\">\n\t\t\t\t<div class=\"elementor-widget-container\">\n\t\t\t\t\t\t\t\t\t\t\t\t\t\t\t<img fetchpriority=\"high\" decoding=\"async\" width=\"406\" height=\"381\" src=\"https:\/\/www.zanzibarkins.com\/wp-content\/uploads\/2023\/05\/over-circle-lines.png\" class=\"attachment-large size-large wp-image-40\" alt=\"\" srcset=\"https:\/\/www.zanzibarkins.com\/wp-content\/uploads\/2023\/05\/over-circle-lines.png 406w, https:\/\/www.zanzibarkins.com\/wp-content\/uploads\/2023\/05\/over-circle-lines-300x282.png 300w\" sizes=\"(max-width: 406px) 100vw, 406px\" \/>\t\t\t\t\t\t\t\t\t\t\t\t\t\t\t<\/div>\n\t\t\t\t<\/div>\n\t\t\t\t\t<\/div>\n\t\t<\/div>\n\t\t\t\t\t<\/div>\n\t\t<\/section>\n\t\t\t\t\t<\/div>\n\t\t<\/div>\n\t\t\t\t\t<\/div>\n\t\t<\/section>\n\t\t\t\t<\/div>","protected":false},"excerpt":{"rendered":"<p>Do\u0142\u0105cz do spo\u0142eczno\u015bci zaanga\u017cowanej w kszta\u0142towanie m\u0142odych umys\u0142\u00f3w i robienie r\u00f3\u017cnicy. Jako jedna z godnych uwagi szk\u00f3\u0142 w Zanzibarze zapraszamy do odkrywania mo\u017cliwo\u015bci nauczania.<\/p>","protected":false},"author":1,"featured_media":1225,"parent":0,"menu_order":0,"comment_status":"closed","ping_status":"closed","template":"elementor_header_footer","meta":{"_acf_changed":false,"footnotes":""},"class_list":["post-2250","page","type-page","status-publish","has-post-thumbnail","hentry"],"acf":[],"yoast_head":"<!-- This site is optimized with the Yoast SEO plugin v27.4 - https:\/\/yoast.com\/product\/yoast-seo-wordpress\/ -->\n<title>Teaching in Zanzibar - KINS<\/title>\n<meta name=\"description\" content=\"Interested in teaching in Zanzibar? Be part of an international teaching team in Tanzania, East Africa. KINS independent school is hiring now\" \/>\n<meta name=\"robots\" content=\"index, follow, max-snippet:-1, max-image-preview:large, max-video-preview:-1\" \/>\n<link rel=\"canonical\" href=\"https:\/\/www.zanzibarkins.com\/pl\/nauczanie-w-zanzibarze\/\" \/>\n<meta property=\"og:locale\" content=\"pl_PL\" \/>\n<meta property=\"og:type\" content=\"article\" \/>\n<meta property=\"og:title\" content=\"Teaching in Zanzibar - KINS\" \/>\n<meta property=\"og:description\" content=\"Interested in teaching in Zanzibar? Be part of an international teaching team in Tanzania, East Africa. KINS independent school is hiring now\" \/>\n<meta property=\"og:url\" content=\"https:\/\/www.zanzibarkins.com\/pl\/nauczanie-w-zanzibarze\/\" \/>\n<meta property=\"og:site_name\" content=\"KINS\" \/>\n<meta property=\"article:modified_time\" content=\"2024-02-17T12:10:50+00:00\" \/>\n<meta property=\"og:image\" content=\"https:\/\/www.zanzibarkins.com\/wp-content\/uploads\/2023\/07\/school_website-63-1.jpg\" \/>\n\t<meta property=\"og:image:width\" content=\"1080\" \/>\n\t<meta property=\"og:image:height\" content=\"1623\" \/>\n\t<meta property=\"og:image:type\" content=\"image\/jpeg\" \/>\n<meta name=\"twitter:card\" content=\"summary_large_image\" \/>\n<meta name=\"twitter:label1\" content=\"Szacowany czas czytania\" \/>\n\t<meta name=\"twitter:data1\" content=\"3 minuty\" \/>\n<script type=\"application\/ld+json\" class=\"yoast-schema-graph\">{\"@context\":\"https:\\\/\\\/schema.org\",\"@graph\":[{\"@type\":\"WebPage\",\"@id\":\"https:\\\/\\\/www.zanzibarkins.com\\\/teaching-in-zanzibar\\\/\",\"url\":\"https:\\\/\\\/www.zanzibarkins.com\\\/teaching-in-zanzibar\\\/\",\"name\":\"Teaching in Zanzibar - KINS\",\"isPartOf\":{\"@id\":\"https:\\\/\\\/www.zanzibarkins.com\\\/#website\"},\"primaryImageOfPage\":{\"@id\":\"https:\\\/\\\/www.zanzibarkins.com\\\/teaching-in-zanzibar\\\/#primaryimage\"},\"image\":{\"@id\":\"https:\\\/\\\/www.zanzibarkins.com\\\/teaching-in-zanzibar\\\/#primaryimage\"},\"thumbnailUrl\":\"https:\\\/\\\/www.zanzibarkins.com\\\/wp-content\\\/uploads\\\/2023\\\/07\\\/school_website-63-1.jpg\",\"datePublished\":\"2024-02-13T12:04:05+00:00\",\"dateModified\":\"2024-02-17T12:10:50+00:00\",\"description\":\"Interested in teaching in Zanzibar? Be part of an international teaching team in Tanzania, East Africa. KINS independent school is hiring now\",\"breadcrumb\":{\"@id\":\"https:\\\/\\\/www.zanzibarkins.com\\\/teaching-in-zanzibar\\\/#breadcrumb\"},\"inLanguage\":\"pl-PL\",\"potentialAction\":[{\"@type\":\"ReadAction\",\"target\":[\"https:\\\/\\\/www.zanzibarkins.com\\\/teaching-in-zanzibar\\\/\"]}]},{\"@type\":\"ImageObject\",\"inLanguage\":\"pl-PL\",\"@id\":\"https:\\\/\\\/www.zanzibarkins.com\\\/teaching-in-zanzibar\\\/#primaryimage\",\"url\":\"https:\\\/\\\/www.zanzibarkins.com\\\/wp-content\\\/uploads\\\/2023\\\/07\\\/school_website-63-1.jpg\",\"contentUrl\":\"https:\\\/\\\/www.zanzibarkins.com\\\/wp-content\\\/uploads\\\/2023\\\/07\\\/school_website-63-1.jpg\",\"width\":1080,\"height\":1623,\"caption\":\"Teach in Zanzibar\"},{\"@type\":\"BreadcrumbList\",\"@id\":\"https:\\\/\\\/www.zanzibarkins.com\\\/teaching-in-zanzibar\\\/#breadcrumb\",\"itemListElement\":[{\"@type\":\"ListItem\",\"position\":1,\"name\":\"Home\",\"item\":\"https:\\\/\\\/www.zanzibarkins.com\\\/\"},{\"@type\":\"ListItem\",\"position\":2,\"name\":\"Teach in Zanzibar\"}]},{\"@type\":\"WebSite\",\"@id\":\"https:\\\/\\\/www.zanzibarkins.com\\\/#website\",\"url\":\"https:\\\/\\\/www.zanzibarkins.com\\\/\",\"name\":\"KINS\",\"description\":\"\",\"potentialAction\":[{\"@type\":\"SearchAction\",\"target\":{\"@type\":\"EntryPoint\",\"urlTemplate\":\"https:\\\/\\\/www.zanzibarkins.com\\\/?s={search_term_string}\"},\"query-input\":{\"@type\":\"PropertyValueSpecification\",\"valueRequired\":true,\"valueName\":\"search_term_string\"}}],\"inLanguage\":\"pl-PL\"}]}<\/script>\n<!-- \/ Yoast SEO plugin. -->","yoast_head_json":{"title":"Nauczanie w Zanzibarze - KINS","description":"Jeste\u015b zainteresowany nauczaniem w Zanzibarze? Do\u0142\u0105cz do mi\u0119dzynarodowego zespo\u0142u nauczycieli w Tanzanii, w Afryce Wschodniej. Niezale\u017cna szko\u0142a KINS zatrudnia teraz","robots":{"index":"index","follow":"follow","max-snippet":"max-snippet:-1","max-image-preview":"max-image-preview:large","max-video-preview":"max-video-preview:-1"},"canonical":"https:\/\/www.zanzibarkins.com\/pl\/nauczanie-w-zanzibarze\/","og_locale":"pl_PL","og_type":"article","og_title":"Teaching in Zanzibar - KINS","og_description":"Interested in teaching in Zanzibar? Be part of an international teaching team in Tanzania, East Africa. KINS independent school is hiring now","og_url":"https:\/\/www.zanzibarkins.com\/pl\/nauczanie-w-zanzibarze\/","og_site_name":"KINS","article_modified_time":"2024-02-17T12:10:50+00:00","og_image":[{"width":1080,"height":1623,"url":"https:\/\/www.zanzibarkins.com\/wp-content\/uploads\/2023\/07\/school_website-63-1.jpg","type":"image\/jpeg"}],"twitter_card":"summary_large_image","twitter_misc":{"Szacowany czas czytania":"3 minuty"},"schema":{"@context":"https:\/\/schema.org","@graph":[{"@type":"WebPage","@id":"https:\/\/www.zanzibarkins.com\/teaching-in-zanzibar\/","url":"https:\/\/www.zanzibarkins.com\/teaching-in-zanzibar\/","name":"Nauczanie w Zanzibarze - KINS","isPartOf":{"@id":"https:\/\/www.zanzibarkins.com\/#website"},"primaryImageOfPage":{"@id":"https:\/\/www.zanzibarkins.com\/teaching-in-zanzibar\/#primaryimage"},"image":{"@id":"https:\/\/www.zanzibarkins.com\/teaching-in-zanzibar\/#primaryimage"},"thumbnailUrl":"https:\/\/www.zanzibarkins.com\/wp-content\/uploads\/2023\/07\/school_website-63-1.jpg","datePublished":"2024-02-13T12:04:05+00:00","dateModified":"2024-02-17T12:10:50+00:00","description":"Jeste\u015b zainteresowany nauczaniem w Zanzibarze? Do\u0142\u0105cz do mi\u0119dzynarodowego zespo\u0142u nauczycieli w Tanzanii, w Afryce Wschodniej. Niezale\u017cna szko\u0142a KINS zatrudnia teraz","breadcrumb":{"@id":"https:\/\/www.zanzibarkins.com\/teaching-in-zanzibar\/#breadcrumb"},"inLanguage":"pl-PL","potentialAction":[{"@type":"ReadAction","target":["https:\/\/www.zanzibarkins.com\/teaching-in-zanzibar\/"]}]},{"@type":"ImageObject","inLanguage":"pl-PL","@id":"https:\/\/www.zanzibarkins.com\/teaching-in-zanzibar\/#primaryimage","url":"https:\/\/www.zanzibarkins.com\/wp-content\/uploads\/2023\/07\/school_website-63-1.jpg","contentUrl":"https:\/\/www.zanzibarkins.com\/wp-content\/uploads\/2023\/07\/school_website-63-1.jpg","width":1080,"height":1623,"caption":"Teach in Zanzibar"},{"@type":"BreadcrumbList","@id":"https:\/\/www.zanzibarkins.com\/teaching-in-zanzibar\/#breadcrumb","itemListElement":[{"@type":"ListItem","position":1,"name":"Home","item":"https:\/\/www.zanzibarkins.com\/"},{"@type":"ListItem","position":2,"name":"Teach in Zanzibar"}]},{"@type":"WebSite","@id":"https:\/\/www.zanzibarkins.com\/#website","url":"https:\/\/www.zanzibarkins.com\/","name":"KINS","description":"","potentialAction":[{"@type":"SearchAction","target":{"@type":"EntryPoint","urlTemplate":"https:\/\/www.zanzibarkins.com\/?s={search_term_string}"},"query-input":{"@type":"PropertyValueSpecification","valueRequired":true,"valueName":"search_term_string"}}],"inLanguage":"pl-PL"}]}},"_links":{"self":[{"href":"https:\/\/www.zanzibarkins.com\/pl\/wp-json\/wp\/v2\/pages\/2250","targetHints":{"allow":["GET"]}}],"collection":[{"href":"https:\/\/www.zanzibarkins.com\/pl\/wp-json\/wp\/v2\/pages"}],"about":[{"href":"https:\/\/www.zanzibarkins.com\/pl\/wp-json\/wp\/v2\/types\/page"}],"author":[{"embeddable":true,"href":"https:\/\/www.zanzibarkins.com\/pl\/wp-json\/wp\/v2\/users\/1"}],"replies":[{"embeddable":true,"href":"https:\/\/www.zanzibarkins.com\/pl\/wp-json\/wp\/v2\/comments?post=2250"}],"version-history":[{"count":5,"href":"https:\/\/www.zanzibarkins.com\/pl\/wp-json\/wp\/v2\/pages\/2250\/revisions"}],"predecessor-version":[{"id":2299,"href":"https:\/\/www.zanzibarkins.com\/pl\/wp-json\/wp\/v2\/pages\/2250\/revisions\/2299"}],"wp:featuredmedia":[{"embeddable":true,"href":"https:\/\/www.zanzibarkins.com\/pl\/wp-json\/wp\/v2\/media\/1225"}],"wp:attachment":[{"href":"https:\/\/www.zanzibarkins.com\/pl\/wp-json\/wp\/v2\/media?parent=2250"}],"curies":[{"name":"wp","href":"https:\/\/api.w.org\/{rel}","templated":true}]}}