{"id":262,"date":"2023-06-23T18:09:17","date_gmt":"2023-06-23T18:09:17","guid":{"rendered":"https:\/\/kins.simplyit.solutions\/?page_id=262"},"modified":"2023-07-29T09:03:16","modified_gmt":"2023-07-29T09:03:16","slug":"procedury-ewakuacyjne","status":"publish","type":"page","link":"https:\/\/www.zanzibarkins.com\/pl\/procedury-ewakuacyjne\/","title":{"rendered":"Procedury ewakuacyjne"},"content":{"rendered":"<div data-elementor-type=\"wp-page\" data-elementor-id=\"262\" class=\"elementor elementor-262\" data-elementor-post-type=\"page\">\n\t\t\t\t\t\t<section class=\"elementor-section elementor-top-section elementor-element elementor-element-4c5de8d elementor-section-boxed elementor-section-height-default elementor-section-height-default\" data-id=\"4c5de8d\" data-element_type=\"section\" data-settings=\"{&quot;background_background&quot;:&quot;classic&quot;,&quot;shape_divider_top&quot;:&quot;tilt&quot;,&quot;shape_divider_bottom&quot;:&quot;tilt&quot;}\">\n\t\t\t\t\t\t\t<div class=\"elementor-background-overlay\"><\/div>\n\t\t\t\t\t\t<div class=\"elementor-shape elementor-shape-top\" aria-hidden=\"true\" data-negative=\"false\">\n\t\t\t<svg xmlns=\"http:\/\/www.w3.org\/2000\/svg\" viewbox=\"0 0 1000 100\" preserveaspectratio=\"none\">\n\t<path class=\"elementor-shape-fill\" d=\"M0,6V0h1000v100L0,6z\"\/>\n<\/svg>\t\t<\/div>\n\t\t\t\t<div class=\"elementor-shape elementor-shape-bottom\" aria-hidden=\"true\" data-negative=\"false\">\n\t\t\t<svg xmlns=\"http:\/\/www.w3.org\/2000\/svg\" viewbox=\"0 0 1000 100\" preserveaspectratio=\"none\">\n\t<path class=\"elementor-shape-fill\" d=\"M0,6V0h1000v100L0,6z\"\/>\n<\/svg>\t\t<\/div>\n\t\t\t\t\t<div class=\"elementor-container elementor-column-gap-default\">\n\t\t\t\t\t<div class=\"elementor-column elementor-col-100 elementor-top-column elementor-element elementor-element-3201a5d\" data-id=\"3201a5d\" data-element_type=\"column\">\n\t\t\t<div class=\"elementor-widget-wrap elementor-element-populated\">\n\t\t\t\t\t\t<section class=\"elementor-section elementor-inner-section elementor-element elementor-element-c21a657 elementor-section-boxed elementor-section-height-default elementor-section-height-default\" data-id=\"c21a657\" data-element_type=\"section\">\n\t\t\t\t\t\t<div class=\"elementor-container elementor-column-gap-default\">\n\t\t\t\t\t<div class=\"elementor-column elementor-col-100 elementor-inner-column elementor-element elementor-element-69857b3\" data-id=\"69857b3\" data-element_type=\"column\" data-settings=\"{&quot;background_background&quot;:&quot;classic&quot;}\">\n\t\t\t<div class=\"elementor-widget-wrap elementor-element-populated\">\n\t\t\t\t\t\t<div class=\"elementor-element elementor-element-66c1179 elementor-widget elementor-widget-heading\" data-id=\"66c1179\" data-element_type=\"widget\" data-widget_type=\"heading.default\">\n\t\t\t\t<div class=\"elementor-widget-container\">\n\t\t\t\t\t<h3 class=\"elementor-heading-title elementor-size-default\">krewni w nag\u0142ych wypadkach<\/h3>\t\t\t\t<\/div>\n\t\t\t\t<\/div>\n\t\t\t\t<div class=\"elementor-element elementor-element-6db092c elementor-widget elementor-widget-heading\" data-id=\"6db092c\" data-element_type=\"widget\" data-widget_type=\"heading.default\">\n\t\t\t\t<div class=\"elementor-widget-container\">\n\t\t\t\t\t<h2 class=\"elementor-heading-title elementor-size-default\">procedura ewakuacji<\/h2>\t\t\t\t<\/div>\n\t\t\t\t<\/div>\n\t\t\t\t<div class=\"elementor-element elementor-element-2fe3c84 elementor-widget elementor-widget-image\" data-id=\"2fe3c84\" data-element_type=\"widget\" data-widget_type=\"image.default\">\n\t\t\t\t<div class=\"elementor-widget-container\">\n\t\t\t\t\t\t\t\t\t\t\t\t\t\t\t<img decoding=\"async\" width=\"426\" height=\"20\" src=\"https:\/\/www.zanzibarkins.com\/wp-content\/uploads\/2023\/05\/underline.png\" class=\"attachment-large size-large wp-image-18\" alt=\"\" srcset=\"https:\/\/www.zanzibarkins.com\/wp-content\/uploads\/2023\/05\/underline.png 426w, https:\/\/www.zanzibarkins.com\/wp-content\/uploads\/2023\/05\/underline-300x14.png 300w\" sizes=\"(max-width: 426px) 100vw, 426px\" \/>\t\t\t\t\t\t\t\t\t\t\t\t\t\t\t<\/div>\n\t\t\t\t<\/div>\n\t\t\t\t<div class=\"elementor-element elementor-element-7195986 elementor-widget elementor-widget-text-editor\" data-id=\"7195986\" data-element_type=\"widget\" data-widget_type=\"text-editor.default\">\n\t\t\t\t<div class=\"elementor-widget-container\">\n\t\t\t\t\t\t\t\t\t<p><b><i>Czym jest ewakuacja awaryjna?<\/i><\/b><\/p><p><b><i>Kiedy wszyscy uczniowie i pracownicy musz\u0105 natychmiast opu\u015bci\u0107 teren szko\u0142y. Nie zabieraj swoich rzeczy, po prostu przesta\u0144 robi\u0107 to, co robisz i opu\u015b\u0107 szko\u0142\u0119<\/i><\/b><\/p><p><b><i>Dost\u0119pne wyj\u015bcia<\/i><\/b><\/p><ul><li style=\"font-weight: 400;\" aria-level=\"1\"><span style=\"font-weight: 400;\">1<\/span><span style=\"font-weight: 400;\">\u015bw.<\/span><span style=\"font-weight: 400;\">\u00a0 Wyj\u015bcie:<\/span><i><span style=\"font-weight: 400;\"> (g\u0142\u00f3wne wyj\u015bcie) \u2013 prz\u00f3d szko\u0142y\/czarna brama. Uczniowie pod opiek\u0105 nauczyciela maj\u0105 wyj\u015b\u0107 g\u0142\u00f3wnym wyj\u015bciem. Nast\u0119pnie nale\u017cy uda\u0107 si\u0119 na parking obok boiska pi\u0142karskiego (PUNKT SPOTKANIA 1).<\/span><\/i><\/li><\/ul><ul><li style=\"font-weight: 400;\" aria-level=\"1\"><span style=\"font-weight: 400;\">2<\/span><span style=\"font-weight: 400;\">i<\/span><span style=\"font-weight: 400;\"> Wyj\u015bcie:<\/span><i><span style=\"font-weight: 400;\">\u00a0 \u2013 ty\u0142 szko\u0142y\/najbli\u017cej toalet. Uczniowie pod opiek\u0105 nauczyciela maj\u0105 wyj\u015b\u0107 wyj\u015bciem nr 2. Nast\u0119pnie nale\u017cy uda\u0107 si\u0119 na parking obok przedszkola (PUNKT SPOTKANIA 2).<\/span><\/i><\/li><\/ul><p><b><i>EWAKUACJA AWARYJNA\u00a0<\/i><\/b><\/p><p><b><i>Po us\u0142yszeniu sygna\u0142u alarmowego ewakuacji nale\u017cy podj\u0105\u0107 nast\u0119puj\u0105ce kroki:<\/i><\/b><\/p><ol><li style=\"font-weight: 400;\" aria-level=\"1\"><i><span style=\"font-weight: 400;\">Pierwszy nauczyciel, kt\u00f3ry zauwa\u017cy sytuacj\u0119 awaryjn\u0105, musi nacisn\u0105\u0107 dzwonek (lub gwizdek, je\u015bli nie ma pr\u0105du) dzwonek pauza dzwonek pauza nieprzerwanie\u00a0<\/span><\/i><\/li><li style=\"font-weight: 400;\" aria-level=\"1\"><i><span style=\"font-weight: 400;\">Nauczyciele szybko przeliczaj\u0105 liczb\u0119 uczni\u00f3w w klasie, kt\u00f3r\u0105 ucz\u0105.<\/span><\/i><\/li><li style=\"font-weight: 400;\" aria-level=\"1\"><i><span style=\"font-weight: 400;\">Lider zespo\u0142u powiadomi wszystkich nauczycieli, z kt\u00f3rego wyj\u015bcia maj\u0105 skorzysta\u0107.<\/span><\/i><\/li><li style=\"font-weight: 400;\" aria-level=\"1\"><i><span style=\"font-weight: 400;\">Nast\u0119pnie personel musi spokojnie i szybko wyprowadzi\u0107 wszystkie dzieci przez wyj\u015bcie do punktu zbi\u00f3rki.<\/span><\/i><\/li><li style=\"font-weight: 400;\" aria-level=\"1\"><i><span style=\"font-weight: 400;\">Gdy uczniowie p\u00f3jd\u0105 g\u0119siego do punktu spotkania, nauczyciel klasy musi przeprowadzi\u0107 dok\u0142adne przeliczenie. Lider zespo\u0142u musi zosta\u0107 natychmiast powiadomiony, je\u015bli kto\u015b zaginie.<\/span><\/i><\/li><li style=\"font-weight: 400;\" aria-level=\"1\"><i><span style=\"font-weight: 400;\">Lider zespo\u0142u odbiera teczk\u0119 rejestracyjn\u0105 zawieraj\u0105c\u0105 wszystkie dane kontaktowe dzieci i numery telefon\u00f3w do s\u0142u\u017cb ratunkowych.<\/span><\/i><\/li><li style=\"font-weight: 400;\" aria-level=\"1\"><i><span style=\"font-weight: 400;\">Gdy wszyscy spotkaj\u0105 si\u0119 w punkcie zbi\u00f3rki, lider zespo\u0142u sprawdzi, czy wszyscy pracownicy i dzieci s\u0105 bezpieczni i obecni.<\/span><\/i><\/li><li style=\"font-weight: 400;\" aria-level=\"1\"><i><span style=\"font-weight: 400;\">Lider zespo\u0142u powiadomi wszystkich rodzic\u00f3w o stanie zdrowia ich dziecka i zorganizuje odbi\u00f3r dziecka.<\/span><\/i><\/li><li style=\"font-weight: 400;\" aria-level=\"1\"><i><span style=\"font-weight: 400;\">Po przybyciu s\u0142u\u017cb ratunkowych lider zespo\u0142u porozmawia ze s\u0142u\u017cbami ratunkowymi<\/span><\/i><\/li><\/ol>\t\t\t\t\t\t\t\t<\/div>\n\t\t\t\t<\/div>\n\t\t\t\t\t<\/div>\n\t\t<\/div>\n\t\t\t\t\t<\/div>\n\t\t<\/section>\n\t\t\t\t\t<\/div>\n\t\t<\/div>\n\t\t\t\t\t<\/div>\n\t\t<\/section>\n\t\t\t\t<\/div>","protected":false},"excerpt":{"rendered":"<p>kins emergency evacuation procedure What is an emergency evacuation? When all students and staff must leave the school premises immediately. Do not take your belongings just stop what you are doing and exit the school Available exits 1st\u00a0 exit: (main exit) \u2013 front of school\/black gate. Students escorted by their teacher are to head out [&hellip;]<\/p>","protected":false},"author":1,"featured_media":0,"parent":0,"menu_order":0,"comment_status":"closed","ping_status":"closed","template":"elementor_header_footer","meta":{"_acf_changed":false,"footnotes":""},"class_list":["post-262","page","type-page","status-publish","hentry"],"acf":[],"yoast_head":"<!-- This site is optimized with the Yoast SEO plugin v27.4 - https:\/\/yoast.com\/product\/yoast-seo-wordpress\/ -->\n<title>Evacuation procedures - KINS<\/title>\n<meta name=\"robots\" content=\"index, follow, max-snippet:-1, max-image-preview:large, max-video-preview:-1\" \/>\n<link rel=\"canonical\" href=\"https:\/\/www.zanzibarkins.com\/pl\/procedury-ewakuacyjne\/\" \/>\n<meta property=\"og:locale\" content=\"pl_PL\" \/>\n<meta property=\"og:type\" content=\"article\" \/>\n<meta property=\"og:title\" content=\"Evacuation procedures - KINS\" \/>\n<meta property=\"og:description\" content=\"kins emergency evacuation procedure What is an emergency evacuation? When all students and staff must leave the school premises immediately. Do not take your belongings just stop what you are doing and exit the school Available exits 1st\u00a0 exit: (main exit) \u2013 front of school\/black gate. Students escorted by their teacher are to head out [&hellip;]\" \/>\n<meta property=\"og:url\" content=\"https:\/\/www.zanzibarkins.com\/pl\/procedury-ewakuacyjne\/\" \/>\n<meta property=\"og:site_name\" content=\"KINS\" \/>\n<meta property=\"article:modified_time\" content=\"2023-07-29T09:03:16+00:00\" \/>\n<meta property=\"og:image\" content=\"https:\/\/www.zanzibarkins.com\/wp-content\/uploads\/2023\/05\/underline.png\" \/>\n<meta name=\"twitter:card\" content=\"summary_large_image\" \/>\n<meta name=\"twitter:label1\" content=\"Szacowany czas czytania\" \/>\n\t<meta name=\"twitter:data1\" content=\"1 minuta\" \/>\n<script type=\"application\/ld+json\" class=\"yoast-schema-graph\">{\"@context\":\"https:\\\/\\\/schema.org\",\"@graph\":[{\"@type\":\"WebPage\",\"@id\":\"https:\\\/\\\/www.zanzibarkins.com\\\/evacuation-procedures\\\/\",\"url\":\"https:\\\/\\\/www.zanzibarkins.com\\\/evacuation-procedures\\\/\",\"name\":\"Evacuation procedures - KINS\",\"isPartOf\":{\"@id\":\"https:\\\/\\\/www.zanzibarkins.com\\\/#website\"},\"primaryImageOfPage\":{\"@id\":\"https:\\\/\\\/www.zanzibarkins.com\\\/evacuation-procedures\\\/#primaryimage\"},\"image\":{\"@id\":\"https:\\\/\\\/www.zanzibarkins.com\\\/evacuation-procedures\\\/#primaryimage\"},\"thumbnailUrl\":\"https:\\\/\\\/www.zanzibarkins.com\\\/wp-content\\\/uploads\\\/2023\\\/05\\\/underline.png\",\"datePublished\":\"2023-06-23T18:09:17+00:00\",\"dateModified\":\"2023-07-29T09:03:16+00:00\",\"breadcrumb\":{\"@id\":\"https:\\\/\\\/www.zanzibarkins.com\\\/evacuation-procedures\\\/#breadcrumb\"},\"inLanguage\":\"pl-PL\",\"potentialAction\":[{\"@type\":\"ReadAction\",\"target\":[\"https:\\\/\\\/www.zanzibarkins.com\\\/evacuation-procedures\\\/\"]}]},{\"@type\":\"ImageObject\",\"inLanguage\":\"pl-PL\",\"@id\":\"https:\\\/\\\/www.zanzibarkins.com\\\/evacuation-procedures\\\/#primaryimage\",\"url\":\"https:\\\/\\\/www.zanzibarkins.com\\\/wp-content\\\/uploads\\\/2023\\\/05\\\/underline.png\",\"contentUrl\":\"https:\\\/\\\/www.zanzibarkins.com\\\/wp-content\\\/uploads\\\/2023\\\/05\\\/underline.png\"},{\"@type\":\"BreadcrumbList\",\"@id\":\"https:\\\/\\\/www.zanzibarkins.com\\\/evacuation-procedures\\\/#breadcrumb\",\"itemListElement\":[{\"@type\":\"ListItem\",\"position\":1,\"name\":\"Home\",\"item\":\"https:\\\/\\\/www.zanzibarkins.com\\\/\"},{\"@type\":\"ListItem\",\"position\":2,\"name\":\"Evacuation procedures\"}]},{\"@type\":\"WebSite\",\"@id\":\"https:\\\/\\\/www.zanzibarkins.com\\\/#website\",\"url\":\"https:\\\/\\\/www.zanzibarkins.com\\\/\",\"name\":\"KINS\",\"description\":\"\",\"potentialAction\":[{\"@type\":\"SearchAction\",\"target\":{\"@type\":\"EntryPoint\",\"urlTemplate\":\"https:\\\/\\\/www.zanzibarkins.com\\\/?s={search_term_string}\"},\"query-input\":{\"@type\":\"PropertyValueSpecification\",\"valueRequired\":true,\"valueName\":\"search_term_string\"}}],\"inLanguage\":\"pl-PL\"}]}<\/script>\n<!-- \/ Yoast SEO plugin. -->","yoast_head_json":{"title":"Procedury ewakuacyjne - KINS","robots":{"index":"index","follow":"follow","max-snippet":"max-snippet:-1","max-image-preview":"max-image-preview:large","max-video-preview":"max-video-preview:-1"},"canonical":"https:\/\/www.zanzibarkins.com\/pl\/procedury-ewakuacyjne\/","og_locale":"pl_PL","og_type":"article","og_title":"Evacuation procedures - KINS","og_description":"kins emergency evacuation procedure What is an emergency evacuation? When all students and staff must leave the school premises immediately. Do not take your belongings just stop what you are doing and exit the school Available exits 1st\u00a0 exit: (main exit) \u2013 front of school\/black gate. Students escorted by their teacher are to head out [&hellip;]","og_url":"https:\/\/www.zanzibarkins.com\/pl\/procedury-ewakuacyjne\/","og_site_name":"KINS","article_modified_time":"2023-07-29T09:03:16+00:00","og_image":[{"url":"https:\/\/www.zanzibarkins.com\/wp-content\/uploads\/2023\/05\/underline.png","type":"","width":"","height":""}],"twitter_card":"summary_large_image","twitter_misc":{"Szacowany czas czytania":"1 minuta"},"schema":{"@context":"https:\/\/schema.org","@graph":[{"@type":"WebPage","@id":"https:\/\/www.zanzibarkins.com\/evacuation-procedures\/","url":"https:\/\/www.zanzibarkins.com\/evacuation-procedures\/","name":"Procedury ewakuacyjne - KINS","isPartOf":{"@id":"https:\/\/www.zanzibarkins.com\/#website"},"primaryImageOfPage":{"@id":"https:\/\/www.zanzibarkins.com\/evacuation-procedures\/#primaryimage"},"image":{"@id":"https:\/\/www.zanzibarkins.com\/evacuation-procedures\/#primaryimage"},"thumbnailUrl":"https:\/\/www.zanzibarkins.com\/wp-content\/uploads\/2023\/05\/underline.png","datePublished":"2023-06-23T18:09:17+00:00","dateModified":"2023-07-29T09:03:16+00:00","breadcrumb":{"@id":"https:\/\/www.zanzibarkins.com\/evacuation-procedures\/#breadcrumb"},"inLanguage":"pl-PL","potentialAction":[{"@type":"ReadAction","target":["https:\/\/www.zanzibarkins.com\/evacuation-procedures\/"]}]},{"@type":"ImageObject","inLanguage":"pl-PL","@id":"https:\/\/www.zanzibarkins.com\/evacuation-procedures\/#primaryimage","url":"https:\/\/www.zanzibarkins.com\/wp-content\/uploads\/2023\/05\/underline.png","contentUrl":"https:\/\/www.zanzibarkins.com\/wp-content\/uploads\/2023\/05\/underline.png"},{"@type":"BreadcrumbList","@id":"https:\/\/www.zanzibarkins.com\/evacuation-procedures\/#breadcrumb","itemListElement":[{"@type":"ListItem","position":1,"name":"Home","item":"https:\/\/www.zanzibarkins.com\/"},{"@type":"ListItem","position":2,"name":"Evacuation procedures"}]},{"@type":"WebSite","@id":"https:\/\/www.zanzibarkins.com\/#website","url":"https:\/\/www.zanzibarkins.com\/","name":"KINS","description":"","potentialAction":[{"@type":"SearchAction","target":{"@type":"EntryPoint","urlTemplate":"https:\/\/www.zanzibarkins.com\/?s={search_term_string}"},"query-input":{"@type":"PropertyValueSpecification","valueRequired":true,"valueName":"search_term_string"}}],"inLanguage":"pl-PL"}]}},"_links":{"self":[{"href":"https:\/\/www.zanzibarkins.com\/pl\/wp-json\/wp\/v2\/pages\/262","targetHints":{"allow":["GET"]}}],"collection":[{"href":"https:\/\/www.zanzibarkins.com\/pl\/wp-json\/wp\/v2\/pages"}],"about":[{"href":"https:\/\/www.zanzibarkins.com\/pl\/wp-json\/wp\/v2\/types\/page"}],"author":[{"embeddable":true,"href":"https:\/\/www.zanzibarkins.com\/pl\/wp-json\/wp\/v2\/users\/1"}],"replies":[{"embeddable":true,"href":"https:\/\/www.zanzibarkins.com\/pl\/wp-json\/wp\/v2\/comments?post=262"}],"version-history":[{"count":5,"href":"https:\/\/www.zanzibarkins.com\/pl\/wp-json\/wp\/v2\/pages\/262\/revisions"}],"predecessor-version":[{"id":1431,"href":"https:\/\/www.zanzibarkins.com\/pl\/wp-json\/wp\/v2\/pages\/262\/revisions\/1431"}],"wp:attachment":[{"href":"https:\/\/www.zanzibarkins.com\/pl\/wp-json\/wp\/v2\/media?parent=262"}],"curies":[{"name":"wp","href":"https:\/\/api.w.org\/{rel}","templated":true}]}}