{"id":272,"date":"2023-06-23T18:10:43","date_gmt":"2023-06-23T18:10:43","guid":{"rendered":"https:\/\/kins.simplyit.solutions\/?page_id=272"},"modified":"2023-07-30T10:26:09","modified_gmt":"2023-07-30T10:26:09","slug":"protokol-covidowy","status":"publish","type":"page","link":"https:\/\/www.zanzibarkins.com\/pl\/protokol-covidowy\/","title":{"rendered":"Protok\u00f3\u0142 Covid"},"content":{"rendered":"<div data-elementor-type=\"wp-page\" data-elementor-id=\"272\" class=\"elementor elementor-272\" data-elementor-post-type=\"page\">\n\t\t\t\t\t\t<section class=\"elementor-section elementor-top-section elementor-element elementor-element-2e50b1b elementor-section-boxed elementor-section-height-default elementor-section-height-default\" data-id=\"2e50b1b\" data-element_type=\"section\" data-settings=\"{&quot;background_background&quot;:&quot;classic&quot;,&quot;shape_divider_top&quot;:&quot;tilt&quot;,&quot;shape_divider_bottom&quot;:&quot;tilt&quot;}\">\n\t\t\t\t\t\t\t<div class=\"elementor-background-overlay\"><\/div>\n\t\t\t\t\t\t<div class=\"elementor-shape elementor-shape-top\" aria-hidden=\"true\" data-negative=\"false\">\n\t\t\t<svg xmlns=\"http:\/\/www.w3.org\/2000\/svg\" viewbox=\"0 0 1000 100\" preserveaspectratio=\"none\">\n\t<path class=\"elementor-shape-fill\" d=\"M0,6V0h1000v100L0,6z\"\/>\n<\/svg>\t\t<\/div>\n\t\t\t\t<div class=\"elementor-shape elementor-shape-bottom\" aria-hidden=\"true\" data-negative=\"false\">\n\t\t\t<svg xmlns=\"http:\/\/www.w3.org\/2000\/svg\" viewbox=\"0 0 1000 100\" preserveaspectratio=\"none\">\n\t<path class=\"elementor-shape-fill\" d=\"M0,6V0h1000v100L0,6z\"\/>\n<\/svg>\t\t<\/div>\n\t\t\t\t\t<div class=\"elementor-container elementor-column-gap-default\">\n\t\t\t\t\t<div class=\"elementor-column elementor-col-100 elementor-top-column elementor-element elementor-element-af62817\" data-id=\"af62817\" data-element_type=\"column\">\n\t\t\t<div class=\"elementor-widget-wrap elementor-element-populated\">\n\t\t\t\t\t\t<section class=\"elementor-section elementor-inner-section elementor-element elementor-element-fc2d6af elementor-section-boxed elementor-section-height-default elementor-section-height-default\" data-id=\"fc2d6af\" data-element_type=\"section\">\n\t\t\t\t\t\t<div class=\"elementor-container elementor-column-gap-default\">\n\t\t\t\t\t<div class=\"elementor-column elementor-col-100 elementor-inner-column elementor-element elementor-element-de77e51\" data-id=\"de77e51\" data-element_type=\"column\" data-settings=\"{&quot;background_background&quot;:&quot;classic&quot;}\">\n\t\t\t<div class=\"elementor-widget-wrap elementor-element-populated\">\n\t\t\t\t\t\t<div class=\"elementor-element elementor-element-eb096f6 elementor-widget elementor-widget-heading\" data-id=\"eb096f6\" data-element_type=\"widget\" data-widget_type=\"heading.default\">\n\t\t\t\t<div class=\"elementor-widget-container\">\n\t\t\t\t\t<h2 class=\"elementor-heading-title elementor-size-default\">PROTOK\u00d3\u0141 KINS COVID 19<\/h2>\t\t\t\t<\/div>\n\t\t\t\t<\/div>\n\t\t\t\t<div class=\"elementor-element elementor-element-0851aa9 elementor-widget elementor-widget-image\" data-id=\"0851aa9\" data-element_type=\"widget\" data-widget_type=\"image.default\">\n\t\t\t\t<div class=\"elementor-widget-container\">\n\t\t\t\t\t\t\t\t\t\t\t\t\t\t\t<img decoding=\"async\" width=\"426\" height=\"20\" src=\"https:\/\/www.zanzibarkins.com\/wp-content\/uploads\/2023\/05\/underline.png\" class=\"attachment-large size-large wp-image-18\" alt=\"\" srcset=\"https:\/\/www.zanzibarkins.com\/wp-content\/uploads\/2023\/05\/underline.png 426w, https:\/\/www.zanzibarkins.com\/wp-content\/uploads\/2023\/05\/underline-300x14.png 300w\" sizes=\"(max-width: 426px) 100vw, 426px\" \/>\t\t\t\t\t\t\t\t\t\t\t\t\t\t\t<\/div>\n\t\t\t\t<\/div>\n\t\t\t\t<div class=\"elementor-element elementor-element-0b85887 elementor-widget elementor-widget-text-editor\" data-id=\"0b85887\" data-element_type=\"widget\" data-widget_type=\"text-editor.default\">\n\t\t\t\t<div class=\"elementor-widget-container\">\n\t\t\t\t\t\t\t\t\t<p><span style=\"font-weight: 400;\">DROGA RODZINO KINS,<\/span><\/p><p><span style=\"font-weight: 400;\">Przeczytaj uwa\u017cnie poni\u017csze informacje, aby zrozumie\u0107 procedury obowi\u0105zuj\u0105ce w szkole. Zach\u0119camy do\u00a0<\/span>nadal dbaj o swoje zdrowie i zdrowie swoich dzieci \u2013 jedz zdrowo, pij wod\u0119, codziennie<\/p><p><span style=\"font-weight: 400;\">\u0107wiczenia i du\u017co odpoczynku. Dzi\u0119ki silnemu uk\u0142adowi odporno\u015bciowemu mo\u017cemy zwalcza\u0107 wszystkie zarazki, kt\u00f3re s\u0105\u00a0<\/span>wok\u00f3\u0142.<\/p><p><span style=\"font-weight: 400;\">JE\u015aLI NAUCZYCIEL\/PERSONEL UZYSKA POZYTYWNY WYNIK TESTU NA COVID\/CHOROB\u0118 OG\u00d3LN\u0104<\/span><\/p><ul><li><span style=\"font-weight: 400;\"> Je\u015bli u nauczyciela wyst\u0105pi\u0105 takie objawy, jak gor\u0105czka, brak smaku i zapachu, powinien on natychmiast pozosta\u0107 w domu\u00a0<\/span>i zr\u00f3b test.<\/li><\/ul><ul><li><span style=\"font-weight: 400;\"> Je\u015bli nauczyciel otrzyma pozytywny wynik testu na obecno\u015b\u0107 COVID-19, musi pozosta\u0107 w domu, dop\u00f3ki nie b\u0119dzie m\u00f3g\u0142 udzieli\u0107 pomocy.\u00a0<\/span>negatywny wynik testu uprawniaj\u0105cy do powrotu do szko\u0142y lub 10 dni w domu.<\/li><\/ul><ul><li><span style=\"font-weight: 400;\"> W przypadku pozosta\u0142ych nauczycieli, tylko je\u015bli wykazuj\u0105 objawy, to tak (jak wskazano powy\u017cej)\u00a0<\/span>wymagane jest wykonanie testu. Je\u015bli nauczyciel nie wykazuje objaw\u00f3w, nie musi by\u0107 testowany i mo\u017ce przebywa\u0107 w szkole.<\/li><\/ul><ul><li><span style=\"font-weight: 400;\"> Je\u015bli kt\u00f3ry\u015b nauczyciel b\u0119dzie chcia\u0142 zosta\u0107 przetestowany w dowolnym momencie, b\u0119dzie m\u00f3g\u0142 to zrobi\u0107 we w\u0142asnym zakresie\u00a0<\/span>koszt.\u00a0<\/li><\/ul><ul><li><span style=\"font-weight: 400;\"> Rodzice maj\u0105 zosta\u0107 powiadomieni, je\u015bli nauczyciel otrzyma pozytywny wynik testu. Wtedy rodzice musz\u0105 sami zdecydowa\u0107, czy chc\u0105\u00a0<\/span>chc\u0105 pos\u0142a\u0107 swoje dziecko do szko\u0142y czy nie. Czesne nadal obowi\u0105zuje bez wzgl\u0119du na okres, w kt\u00f3rym ucze\u0144 jest poza szko\u0142\u0105.<\/li><\/ul><ul><li><span style=\"font-weight: 400;\"> Rodzice i personel nieb\u0119d\u0105cy cz\u0142onkami KINS nie maj\u0105 wst\u0119pu na teren szko\u0142y poza parking.\u00a0<\/span>i w biurze recepcji, z dowolnego powodu, chyba \u017ce po wcze\u015bniejszym um\u00f3wieniu.<\/li><\/ul><p>JE\u015aLI UCZNIOWIEC OKA\u017bE SI\u0118 POZYTYWNY WYNIK TESTU NA COVID<\/p><ul><li>\u00a0Dziecko musi pozosta\u0107 w domu przez 10 dni lub mie\u0107 negatywny wynik testu, aby m\u00f3c wr\u00f3ci\u0107 do szko\u0142y.<\/li><li>\u2022 O pozytywnym wyniku testu na COVID-19 u ucznia zostan\u0105 powiadomieni tylko nauczyciele.<\/li><\/ul><p>JE\u015aLI RODZIC UCZNIA UZYSKA POZYTYWNY WYNIK TESTU<\/p><ul><li>\u00a0W trosce o bezpiecze\u0144stwo rodziny szkolnej, je\u015bli rodzic otrzyma pozytywny wynik testu, prosimy o poinformowanie dyrektora szko\u0142y.<\/li><li>\u00a0Wymagamy, aby dziecko pozosta\u0142o w domu, je\u015bli rodzic otrzyma pozytywny wynik testu. Tylko raz na 10 dni<br \/>czy dziecko b\u0119dzie mog\u0142o wr\u00f3ci\u0107 do szko\u0142y, je\u017celi test zostanie zdany lub otrzyma wynik negatywny.<\/li><li>O pozytywnym wyniku testu rodzica zostan\u0105 powiadomieni tylko nauczyciele i personel pomocniczy.<\/li><\/ul><p>SYSTEM HIGIENY SZKOLNEJ ORAZ ZDROWIA I BEZPIECZE\u0143STWA<\/p><ul><li>Wszystkie zabawki, blaty, sprz\u0119t sportowy, artyku\u0142y pi\u015bmiennicze b\u0119d\u0105 myte raz w tygodniu. Czy powinni\u015bmy<br \/>W przypadku pozytywnego wyniku testu, wymienione wy\u017cej przedmioty i obszary zostan\u0105 natychmiast wyprane tego samego dnia.<\/li><li>\u00a0Zaj\u0119cia dodatkowe b\u0119d\u0105 odbywa\u0107 si\u0119 normalnie.<\/li><li>\u00a0Wszelkie zapytania rodzic\u00f3w nale\u017cy kierowa\u0107 telefonicznie, e-mailem lub po wcze\u015bniejszym um\u00f3wieniu si\u0119.<\/li><li>Po przybyciu nale\u017cy umy\u0107 r\u0119ce i zmierzy\u0107 temperatur\u0119 wszystkim uczniom, nauczycielom i<br \/>personel.<\/li><li>Je\u017celi temperatura ucznia lub nauczyciela przekroczy 37,5 stopnia, nie zostanie on wpuszczony do szko\u0142y.<br \/>szko\u0142a.<\/li><li>W ka\u017cdej klasie znajduje si\u0119 butelka ze \u015brodkiem dezynfekuj\u0105cym w sprayu, kt\u00f3rego nauczyciele u\u017cywaj\u0105 do wycierania wszystkich \u0142awek,<br \/>klamki do drzwi i w\u0142\u0105czniki \u015bwiat\u0142a po ka\u017cdej lekcji.<\/li><li>Wszystkie dzieci powinny mie\u0107 w\u0142asne przybory pi\u015bmiennicze.<\/li><li>Dok\u0142adne mycie r\u0105k powtarzane konsekwentnie przez ca\u0142y dzie\u0144.<\/li><\/ul>\t\t\t\t\t\t\t\t<\/div>\n\t\t\t\t<\/div>\n\t\t\t\t\t<\/div>\n\t\t<\/div>\n\t\t\t\t\t<\/div>\n\t\t<\/section>\n\t\t\t\t\t<\/div>\n\t\t<\/div>\n\t\t\t\t\t<\/div>\n\t\t<\/section>\n\t\t\t\t<\/div>","protected":false},"excerpt":{"rendered":"<p>KINS COVID 19 PROTOCOL DEAR KINS FAMILY, Please read below carefully in order to understand the procedures for the school. We encourage you to\u00a0continue taking care of your health as well as your children &#8211; by eating healthy, drinking water, daily exercise and getting lots of rest. With strong immune systems, we can fight all [&hellip;]<\/p>","protected":false},"author":1,"featured_media":0,"parent":0,"menu_order":0,"comment_status":"closed","ping_status":"closed","template":"elementor_header_footer","meta":{"_acf_changed":false,"footnotes":""},"class_list":["post-272","page","type-page","status-publish","hentry"],"acf":[],"yoast_head":"<!-- This site is optimized with the Yoast SEO plugin v27.4 - https:\/\/yoast.com\/product\/yoast-seo-wordpress\/ -->\n<title>Covid protocol - KINS<\/title>\n<meta name=\"robots\" content=\"index, follow, max-snippet:-1, max-image-preview:large, max-video-preview:-1\" \/>\n<link rel=\"canonical\" href=\"https:\/\/www.zanzibarkins.com\/pl\/protokol-covidowy\/\" \/>\n<meta property=\"og:locale\" content=\"pl_PL\" \/>\n<meta property=\"og:type\" content=\"article\" \/>\n<meta property=\"og:title\" content=\"Covid protocol - KINS\" \/>\n<meta property=\"og:description\" content=\"KINS COVID 19 PROTOCOL DEAR KINS FAMILY, Please read below carefully in order to understand the procedures for the school. We encourage you to\u00a0continue taking care of your health as well as your children &#8211; by eating healthy, drinking water, daily exercise and getting lots of rest. With strong immune systems, we can fight all [&hellip;]\" \/>\n<meta property=\"og:url\" content=\"https:\/\/www.zanzibarkins.com\/pl\/protokol-covidowy\/\" \/>\n<meta property=\"og:site_name\" content=\"KINS\" \/>\n<meta property=\"article:modified_time\" content=\"2023-07-30T10:26:09+00:00\" \/>\n<meta property=\"og:image\" content=\"https:\/\/www.zanzibarkins.com\/wp-content\/uploads\/2023\/05\/underline.png\" \/>\n<meta name=\"twitter:card\" content=\"summary_large_image\" \/>\n<meta name=\"twitter:label1\" content=\"Szacowany czas czytania\" \/>\n\t<meta name=\"twitter:data1\" content=\"2 minuty\" \/>\n<script type=\"application\/ld+json\" class=\"yoast-schema-graph\">{\"@context\":\"https:\\\/\\\/schema.org\",\"@graph\":[{\"@type\":\"WebPage\",\"@id\":\"https:\\\/\\\/www.zanzibarkins.com\\\/covid-protocol\\\/\",\"url\":\"https:\\\/\\\/www.zanzibarkins.com\\\/covid-protocol\\\/\",\"name\":\"Covid protocol - KINS\",\"isPartOf\":{\"@id\":\"https:\\\/\\\/www.zanzibarkins.com\\\/#website\"},\"primaryImageOfPage\":{\"@id\":\"https:\\\/\\\/www.zanzibarkins.com\\\/covid-protocol\\\/#primaryimage\"},\"image\":{\"@id\":\"https:\\\/\\\/www.zanzibarkins.com\\\/covid-protocol\\\/#primaryimage\"},\"thumbnailUrl\":\"https:\\\/\\\/www.zanzibarkins.com\\\/wp-content\\\/uploads\\\/2023\\\/05\\\/underline.png\",\"datePublished\":\"2023-06-23T18:10:43+00:00\",\"dateModified\":\"2023-07-30T10:26:09+00:00\",\"breadcrumb\":{\"@id\":\"https:\\\/\\\/www.zanzibarkins.com\\\/covid-protocol\\\/#breadcrumb\"},\"inLanguage\":\"pl-PL\",\"potentialAction\":[{\"@type\":\"ReadAction\",\"target\":[\"https:\\\/\\\/www.zanzibarkins.com\\\/covid-protocol\\\/\"]}]},{\"@type\":\"ImageObject\",\"inLanguage\":\"pl-PL\",\"@id\":\"https:\\\/\\\/www.zanzibarkins.com\\\/covid-protocol\\\/#primaryimage\",\"url\":\"https:\\\/\\\/www.zanzibarkins.com\\\/wp-content\\\/uploads\\\/2023\\\/05\\\/underline.png\",\"contentUrl\":\"https:\\\/\\\/www.zanzibarkins.com\\\/wp-content\\\/uploads\\\/2023\\\/05\\\/underline.png\"},{\"@type\":\"BreadcrumbList\",\"@id\":\"https:\\\/\\\/www.zanzibarkins.com\\\/covid-protocol\\\/#breadcrumb\",\"itemListElement\":[{\"@type\":\"ListItem\",\"position\":1,\"name\":\"Home\",\"item\":\"https:\\\/\\\/www.zanzibarkins.com\\\/\"},{\"@type\":\"ListItem\",\"position\":2,\"name\":\"Covid protocol\"}]},{\"@type\":\"WebSite\",\"@id\":\"https:\\\/\\\/www.zanzibarkins.com\\\/#website\",\"url\":\"https:\\\/\\\/www.zanzibarkins.com\\\/\",\"name\":\"KINS\",\"description\":\"\",\"potentialAction\":[{\"@type\":\"SearchAction\",\"target\":{\"@type\":\"EntryPoint\",\"urlTemplate\":\"https:\\\/\\\/www.zanzibarkins.com\\\/?s={search_term_string}\"},\"query-input\":{\"@type\":\"PropertyValueSpecification\",\"valueRequired\":true,\"valueName\":\"search_term_string\"}}],\"inLanguage\":\"pl-PL\"}]}<\/script>\n<!-- \/ Yoast SEO plugin. -->","yoast_head_json":{"title":"Protok\u00f3\u0142 Covid - KINS","robots":{"index":"index","follow":"follow","max-snippet":"max-snippet:-1","max-image-preview":"max-image-preview:large","max-video-preview":"max-video-preview:-1"},"canonical":"https:\/\/www.zanzibarkins.com\/pl\/protokol-covidowy\/","og_locale":"pl_PL","og_type":"article","og_title":"Covid protocol - KINS","og_description":"KINS COVID 19 PROTOCOL DEAR KINS FAMILY, Please read below carefully in order to understand the procedures for the school. We encourage you to\u00a0continue taking care of your health as well as your children &#8211; by eating healthy, drinking water, daily exercise and getting lots of rest. With strong immune systems, we can fight all [&hellip;]","og_url":"https:\/\/www.zanzibarkins.com\/pl\/protokol-covidowy\/","og_site_name":"KINS","article_modified_time":"2023-07-30T10:26:09+00:00","og_image":[{"url":"https:\/\/www.zanzibarkins.com\/wp-content\/uploads\/2023\/05\/underline.png","type":"","width":"","height":""}],"twitter_card":"summary_large_image","twitter_misc":{"Szacowany czas czytania":"2 minuty"},"schema":{"@context":"https:\/\/schema.org","@graph":[{"@type":"WebPage","@id":"https:\/\/www.zanzibarkins.com\/covid-protocol\/","url":"https:\/\/www.zanzibarkins.com\/covid-protocol\/","name":"Protok\u00f3\u0142 Covid - KINS","isPartOf":{"@id":"https:\/\/www.zanzibarkins.com\/#website"},"primaryImageOfPage":{"@id":"https:\/\/www.zanzibarkins.com\/covid-protocol\/#primaryimage"},"image":{"@id":"https:\/\/www.zanzibarkins.com\/covid-protocol\/#primaryimage"},"thumbnailUrl":"https:\/\/www.zanzibarkins.com\/wp-content\/uploads\/2023\/05\/underline.png","datePublished":"2023-06-23T18:10:43+00:00","dateModified":"2023-07-30T10:26:09+00:00","breadcrumb":{"@id":"https:\/\/www.zanzibarkins.com\/covid-protocol\/#breadcrumb"},"inLanguage":"pl-PL","potentialAction":[{"@type":"ReadAction","target":["https:\/\/www.zanzibarkins.com\/covid-protocol\/"]}]},{"@type":"ImageObject","inLanguage":"pl-PL","@id":"https:\/\/www.zanzibarkins.com\/covid-protocol\/#primaryimage","url":"https:\/\/www.zanzibarkins.com\/wp-content\/uploads\/2023\/05\/underline.png","contentUrl":"https:\/\/www.zanzibarkins.com\/wp-content\/uploads\/2023\/05\/underline.png"},{"@type":"BreadcrumbList","@id":"https:\/\/www.zanzibarkins.com\/covid-protocol\/#breadcrumb","itemListElement":[{"@type":"ListItem","position":1,"name":"Home","item":"https:\/\/www.zanzibarkins.com\/"},{"@type":"ListItem","position":2,"name":"Covid protocol"}]},{"@type":"WebSite","@id":"https:\/\/www.zanzibarkins.com\/#website","url":"https:\/\/www.zanzibarkins.com\/","name":"KINS","description":"","potentialAction":[{"@type":"SearchAction","target":{"@type":"EntryPoint","urlTemplate":"https:\/\/www.zanzibarkins.com\/?s={search_term_string}"},"query-input":{"@type":"PropertyValueSpecification","valueRequired":true,"valueName":"search_term_string"}}],"inLanguage":"pl-PL"}]}},"_links":{"self":[{"href":"https:\/\/www.zanzibarkins.com\/pl\/wp-json\/wp\/v2\/pages\/272","targetHints":{"allow":["GET"]}}],"collection":[{"href":"https:\/\/www.zanzibarkins.com\/pl\/wp-json\/wp\/v2\/pages"}],"about":[{"href":"https:\/\/www.zanzibarkins.com\/pl\/wp-json\/wp\/v2\/types\/page"}],"author":[{"embeddable":true,"href":"https:\/\/www.zanzibarkins.com\/pl\/wp-json\/wp\/v2\/users\/1"}],"replies":[{"embeddable":true,"href":"https:\/\/www.zanzibarkins.com\/pl\/wp-json\/wp\/v2\/comments?post=272"}],"version-history":[{"count":5,"href":"https:\/\/www.zanzibarkins.com\/pl\/wp-json\/wp\/v2\/pages\/272\/revisions"}],"predecessor-version":[{"id":1460,"href":"https:\/\/www.zanzibarkins.com\/pl\/wp-json\/wp\/v2\/pages\/272\/revisions\/1460"}],"wp:attachment":[{"href":"https:\/\/www.zanzibarkins.com\/pl\/wp-json\/wp\/v2\/media?parent=272"}],"curies":[{"name":"wp","href":"https:\/\/api.w.org\/{rel}","templated":true}]}}