{"id":277,"date":"2023-06-23T18:11:22","date_gmt":"2023-06-23T18:11:22","guid":{"rendered":"https:\/\/kins.simplyit.solutions\/?page_id=277"},"modified":"2023-07-29T05:58:44","modified_gmt":"2023-07-29T05:58:44","slug":"polityka-dotyczaca-chorob-studentow","status":"publish","type":"page","link":"https:\/\/www.zanzibarkins.com\/pl\/polityka-dotyczaca-chorob-studentow\/","title":{"rendered":"Polityka dotycz\u0105ca chor\u00f3b student\u00f3w"},"content":{"rendered":"<div data-elementor-type=\"wp-page\" data-elementor-id=\"277\" class=\"elementor elementor-277\" data-elementor-post-type=\"page\">\n\t\t\t\t\t\t<section class=\"elementor-section elementor-top-section elementor-element elementor-element-8098f39 elementor-section-boxed elementor-section-height-default elementor-section-height-default\" data-id=\"8098f39\" data-element_type=\"section\" data-settings=\"{&quot;background_background&quot;:&quot;classic&quot;,&quot;shape_divider_top&quot;:&quot;tilt&quot;,&quot;shape_divider_bottom&quot;:&quot;tilt&quot;}\">\n\t\t\t\t\t\t\t<div class=\"elementor-background-overlay\"><\/div>\n\t\t\t\t\t\t<div class=\"elementor-shape elementor-shape-top\" aria-hidden=\"true\" data-negative=\"false\">\n\t\t\t<svg xmlns=\"http:\/\/www.w3.org\/2000\/svg\" viewbox=\"0 0 1000 100\" preserveaspectratio=\"none\">\n\t<path class=\"elementor-shape-fill\" d=\"M0,6V0h1000v100L0,6z\"\/>\n<\/svg>\t\t<\/div>\n\t\t\t\t<div class=\"elementor-shape elementor-shape-bottom\" aria-hidden=\"true\" data-negative=\"false\">\n\t\t\t<svg xmlns=\"http:\/\/www.w3.org\/2000\/svg\" viewbox=\"0 0 1000 100\" preserveaspectratio=\"none\">\n\t<path class=\"elementor-shape-fill\" d=\"M0,6V0h1000v100L0,6z\"\/>\n<\/svg>\t\t<\/div>\n\t\t\t\t\t<div class=\"elementor-container elementor-column-gap-default\">\n\t\t\t\t\t<div class=\"elementor-column elementor-col-100 elementor-top-column elementor-element elementor-element-933635d\" data-id=\"933635d\" data-element_type=\"column\">\n\t\t\t<div class=\"elementor-widget-wrap elementor-element-populated\">\n\t\t\t\t\t\t<section class=\"elementor-section elementor-inner-section elementor-element elementor-element-07e60e2 elementor-section-boxed elementor-section-height-default elementor-section-height-default\" data-id=\"07e60e2\" data-element_type=\"section\">\n\t\t\t\t\t\t<div class=\"elementor-container elementor-column-gap-default\">\n\t\t\t\t\t<div class=\"elementor-column elementor-col-100 elementor-inner-column elementor-element elementor-element-ced258b\" data-id=\"ced258b\" data-element_type=\"column\" data-settings=\"{&quot;background_background&quot;:&quot;classic&quot;}\">\n\t\t\t<div class=\"elementor-widget-wrap elementor-element-populated\">\n\t\t\t\t\t\t<div class=\"elementor-element elementor-element-a3805cd elementor-widget elementor-widget-heading\" data-id=\"a3805cd\" data-element_type=\"widget\" data-widget_type=\"heading.default\">\n\t\t\t\t<div class=\"elementor-widget-container\">\n\t\t\t\t\t<h2 class=\"elementor-heading-title elementor-size-default\">polityka dotycz\u0105ca chor\u00f3b student\u00f3w<\/h2>\t\t\t\t<\/div>\n\t\t\t\t<\/div>\n\t\t\t\t<div class=\"elementor-element elementor-element-2307869 elementor-widget elementor-widget-image\" data-id=\"2307869\" data-element_type=\"widget\" data-widget_type=\"image.default\">\n\t\t\t\t<div class=\"elementor-widget-container\">\n\t\t\t\t\t\t\t\t\t\t\t\t\t\t\t<img decoding=\"async\" width=\"426\" height=\"20\" src=\"https:\/\/www.zanzibarkins.com\/wp-content\/uploads\/2023\/05\/underline.png\" class=\"attachment-large size-large wp-image-18\" alt=\"\" srcset=\"https:\/\/www.zanzibarkins.com\/wp-content\/uploads\/2023\/05\/underline.png 426w, https:\/\/www.zanzibarkins.com\/wp-content\/uploads\/2023\/05\/underline-300x14.png 300w\" sizes=\"(max-width: 426px) 100vw, 426px\" \/>\t\t\t\t\t\t\t\t\t\t\t\t\t\t\t<\/div>\n\t\t\t\t<\/div>\n\t\t\t\t<div class=\"elementor-element elementor-element-fff730f elementor-widget elementor-widget-text-editor\" data-id=\"fff730f\" data-element_type=\"widget\" data-widget_type=\"text-editor.default\">\n\t\t\t\t<div class=\"elementor-widget-container\">\n\t\t\t\t\t\t\t\t\t<p><span style=\"font-weight: 400;\">Celem tej polityki jest zapewnienie zdrowego i bezpiecznego \u015brodowiska dla naszych uczni\u00f3w i personelu. Niekt\u00f3re choroby i sytuacje wymagaj\u0105 nieobecno\u015bci dziecka w szkole, aby zapobiec rozprzestrzenianiu si\u0119 infekcji na inne dzieci i da\u0107 dziecku czas na odpoczynek, wyzdrowienie i leczenie choroby. Aby pom\u00f3c utrzyma\u0107 nasze dzieci w zdrowiu, KINS Independent School wymaga przestrzegania wytycznych tej polityki.<\/span><\/p><p><b><br \/><\/b><b>Dzieciom nie b\u0119dzie wolno ucz\u0119szcza\u0107 do szko\u0142y ani uczestniczy\u0107 w zaj\u0119ciach szkolnych, je\u015bli maj\u0105 jak\u0105kolwiek chorob\u0119 zaka\u017an\u0105, tak\u0105 jak, ale nie wy\u0142\u0105cznie:<\/b><b><br \/><br \/><\/b><\/p><ul><li style=\"font-weight: 400;\" aria-level=\"1\"><span style=\"font-weight: 400;\">GOR\u0104CZKA: Mo\u017ce powr\u00f3ci\u0107 po 24 godzinach bez gor\u0105czki i bez lek\u00f3w<\/span><\/li><li style=\"font-weight: 400;\" aria-level=\"1\"><span style=\"font-weight: 400;\">BIEGUNKA\/WYMIOT: Mog\u0105 powr\u00f3ci\u0107 po 24 godzinach bezobjawowych<\/span><\/li><li style=\"font-weight: 400;\" aria-level=\"1\"><span style=\"font-weight: 400;\">GARD\u0141O ANGIOLOGICZNE: Mo\u017ce powr\u00f3ci\u0107 po 24 godzinach leczenia antybiotykami i braku gor\u0105czki przez 24 godziny<\/span><\/li><li style=\"font-weight: 400;\" aria-level=\"1\"><span style=\"font-weight: 400;\">ZAPALENIE SPOJ\u00d3WEK (r\u00f3\u017cowe oko): Mo\u017ce powr\u00f3ci\u0107 24 godziny po rozpocz\u0119ciu leczenia, a oczy nie b\u0119d\u0105 ju\u017c wydzielin\u0105<\/span><\/li><li style=\"font-weight: 400;\" aria-level=\"1\"><span style=\"font-weight: 400;\">WSZY: Mog\u0105 powr\u00f3ci\u0107 po leczeniu i usuni\u0119ciu wszystkich \u017cywych wszy i gnid z w\u0142os\u00f3w.<\/span><\/li><li style=\"font-weight: 400;\" aria-level=\"1\"><span style=\"font-weight: 400;\">PIER\u015aCIENIOWA: Mo\u017ce powr\u00f3ci\u0107 po rozpocz\u0119ciu leczenia; obszar ten nale\u017cy zakrywa\u0107 w czasie pobytu w szkole przez pierwsze 48 godzin leczenia<\/span><\/li><li style=\"font-weight: 400;\" aria-level=\"1\"><span style=\"font-weight: 400;\">IMPETIGO \/ STAPH \/ MRSA: Mo\u017ce powr\u00f3ci\u0107 po 24 godzinach od rozpocz\u0119cia leczenia; ran\u0119 nale\u017cy przykry\u0107 opatrunkiem przyklejonym ta\u015bm\u0105 ze wszystkich 4 stron<\/span><\/li><li style=\"font-weight: 400;\" aria-level=\"1\"><span style=\"font-weight: 400;\">CHOROBY ZAKA\u0179NE (takie jak, ale nie wy\u0142\u0105cznie \u2013 grypa, ospa wietrzna, odra, \u015bwinka, krztusiec, zapalenie opon m\u00f3zgowych, mononukleoza): Mog\u0105 powr\u00f3ci\u0107 po uzyskaniu zgody lekarza<\/span><\/li><\/ul><p><span style=\"font-weight: 400;\"><br \/><\/span><span style=\"font-weight: 400;\">Je\u017celi ucze\u0144 zg\u0142osi si\u0119 do szko\u0142y z objawami lub w ci\u0105gu dnia szkolnego zacznie wykazywa\u0107 objawy wskazuj\u0105ce na kt\u00f3ry\u015b ze stan\u00f3w wymienionych powy\u017cej, skontaktujemy si\u0119 z rodzicem\/opiekunem i poprosimy o odebranie dziecka tak szybko, jak to mo\u017cliwe.<\/span><span style=\"font-weight: 400;\"><br \/><\/span><span style=\"font-weight: 400;\">Rodzice\/opiekunowie musz\u0105 utrzymywa\u0107 bezpo\u015bredni kontakt ze szko\u0142\u0105 i nauczycielem ucznia, je\u015bli u dziecka zostanie zdiagnozowana jakakolwiek choroba zaka\u017ana, aby szko\u0142a mog\u0142a podj\u0105\u0107 odpowiednie kroki w celu ochrony wszystkich uczni\u00f3w.<\/span><\/p><p><i><span style=\"font-weight: 400;\">Dzi\u0119kujemy bardzo za Pa\u0144stwa wsparcie, dzi\u0119ki kt\u00f3remu mo\u017cemy zapewni\u0107 KINS zdrowe \u015brodowisko dla wszystkich.\u00a0<\/span><\/i><\/p>\t\t\t\t\t\t\t\t<\/div>\n\t\t\t\t<\/div>\n\t\t\t\t\t<\/div>\n\t\t<\/div>\n\t\t\t\t\t<\/div>\n\t\t<\/section>\n\t\t\t\t\t<\/div>\n\t\t<\/div>\n\t\t\t\t\t<\/div>\n\t\t<\/section>\n\t\t\t\t<\/div>","protected":false},"excerpt":{"rendered":"<p>student illness policy The intention of this policy is to provide a healthy and safe environment for our students and staff. Some illnesses and situations require a child to be absent from school to prevent the spread of infection to other children and to allow the child time to rest, recover and be treated for [&hellip;]<\/p>","protected":false},"author":1,"featured_media":0,"parent":0,"menu_order":0,"comment_status":"closed","ping_status":"closed","template":"elementor_header_footer","meta":{"_acf_changed":false,"footnotes":""},"class_list":["post-277","page","type-page","status-publish","hentry"],"acf":[],"yoast_head":"<!-- This site is optimized with the Yoast SEO plugin v27.4 - https:\/\/yoast.com\/product\/yoast-seo-wordpress\/ -->\n<title>Student illness policy - KINS<\/title>\n<meta name=\"robots\" content=\"index, follow, max-snippet:-1, max-image-preview:large, max-video-preview:-1\" \/>\n<link rel=\"canonical\" href=\"https:\/\/www.zanzibarkins.com\/pl\/polityka-dotyczaca-chorob-studentow\/\" \/>\n<meta property=\"og:locale\" content=\"pl_PL\" \/>\n<meta property=\"og:type\" content=\"article\" \/>\n<meta property=\"og:title\" content=\"Student illness policy - KINS\" \/>\n<meta property=\"og:description\" content=\"student illness policy The intention of this policy is to provide a healthy and safe environment for our students and staff. Some illnesses and situations require a child to be absent from school to prevent the spread of infection to other children and to allow the child time to rest, recover and be treated for [&hellip;]\" \/>\n<meta property=\"og:url\" content=\"https:\/\/www.zanzibarkins.com\/pl\/polityka-dotyczaca-chorob-studentow\/\" \/>\n<meta property=\"og:site_name\" content=\"KINS\" \/>\n<meta property=\"article:modified_time\" content=\"2023-07-29T05:58:44+00:00\" \/>\n<meta property=\"og:image\" content=\"https:\/\/www.zanzibarkins.com\/wp-content\/uploads\/2023\/05\/underline.png\" \/>\n<meta name=\"twitter:card\" content=\"summary_large_image\" \/>\n<meta name=\"twitter:label1\" content=\"Szacowany czas czytania\" \/>\n\t<meta name=\"twitter:data1\" content=\"2 minuty\" \/>\n<script type=\"application\/ld+json\" class=\"yoast-schema-graph\">{\"@context\":\"https:\\\/\\\/schema.org\",\"@graph\":[{\"@type\":\"WebPage\",\"@id\":\"https:\\\/\\\/www.zanzibarkins.com\\\/student-illness-policy\\\/\",\"url\":\"https:\\\/\\\/www.zanzibarkins.com\\\/student-illness-policy\\\/\",\"name\":\"Student illness policy - KINS\",\"isPartOf\":{\"@id\":\"https:\\\/\\\/www.zanzibarkins.com\\\/#website\"},\"primaryImageOfPage\":{\"@id\":\"https:\\\/\\\/www.zanzibarkins.com\\\/student-illness-policy\\\/#primaryimage\"},\"image\":{\"@id\":\"https:\\\/\\\/www.zanzibarkins.com\\\/student-illness-policy\\\/#primaryimage\"},\"thumbnailUrl\":\"https:\\\/\\\/www.zanzibarkins.com\\\/wp-content\\\/uploads\\\/2023\\\/05\\\/underline.png\",\"datePublished\":\"2023-06-23T18:11:22+00:00\",\"dateModified\":\"2023-07-29T05:58:44+00:00\",\"breadcrumb\":{\"@id\":\"https:\\\/\\\/www.zanzibarkins.com\\\/student-illness-policy\\\/#breadcrumb\"},\"inLanguage\":\"pl-PL\",\"potentialAction\":[{\"@type\":\"ReadAction\",\"target\":[\"https:\\\/\\\/www.zanzibarkins.com\\\/student-illness-policy\\\/\"]}]},{\"@type\":\"ImageObject\",\"inLanguage\":\"pl-PL\",\"@id\":\"https:\\\/\\\/www.zanzibarkins.com\\\/student-illness-policy\\\/#primaryimage\",\"url\":\"https:\\\/\\\/www.zanzibarkins.com\\\/wp-content\\\/uploads\\\/2023\\\/05\\\/underline.png\",\"contentUrl\":\"https:\\\/\\\/www.zanzibarkins.com\\\/wp-content\\\/uploads\\\/2023\\\/05\\\/underline.png\"},{\"@type\":\"BreadcrumbList\",\"@id\":\"https:\\\/\\\/www.zanzibarkins.com\\\/student-illness-policy\\\/#breadcrumb\",\"itemListElement\":[{\"@type\":\"ListItem\",\"position\":1,\"name\":\"Home\",\"item\":\"https:\\\/\\\/www.zanzibarkins.com\\\/\"},{\"@type\":\"ListItem\",\"position\":2,\"name\":\"Student illness policy\"}]},{\"@type\":\"WebSite\",\"@id\":\"https:\\\/\\\/www.zanzibarkins.com\\\/#website\",\"url\":\"https:\\\/\\\/www.zanzibarkins.com\\\/\",\"name\":\"KINS\",\"description\":\"\",\"potentialAction\":[{\"@type\":\"SearchAction\",\"target\":{\"@type\":\"EntryPoint\",\"urlTemplate\":\"https:\\\/\\\/www.zanzibarkins.com\\\/?s={search_term_string}\"},\"query-input\":{\"@type\":\"PropertyValueSpecification\",\"valueRequired\":true,\"valueName\":\"search_term_string\"}}],\"inLanguage\":\"pl-PL\"}]}<\/script>\n<!-- \/ Yoast SEO plugin. -->","yoast_head_json":{"title":"Polityka dotycz\u0105ca chor\u00f3b student\u00f3w - KINS","robots":{"index":"index","follow":"follow","max-snippet":"max-snippet:-1","max-image-preview":"max-image-preview:large","max-video-preview":"max-video-preview:-1"},"canonical":"https:\/\/www.zanzibarkins.com\/pl\/polityka-dotyczaca-chorob-studentow\/","og_locale":"pl_PL","og_type":"article","og_title":"Student illness policy - KINS","og_description":"student illness policy The intention of this policy is to provide a healthy and safe environment for our students and staff. Some illnesses and situations require a child to be absent from school to prevent the spread of infection to other children and to allow the child time to rest, recover and be treated for [&hellip;]","og_url":"https:\/\/www.zanzibarkins.com\/pl\/polityka-dotyczaca-chorob-studentow\/","og_site_name":"KINS","article_modified_time":"2023-07-29T05:58:44+00:00","og_image":[{"url":"https:\/\/www.zanzibarkins.com\/wp-content\/uploads\/2023\/05\/underline.png","type":"","width":"","height":""}],"twitter_card":"summary_large_image","twitter_misc":{"Szacowany czas czytania":"2 minuty"},"schema":{"@context":"https:\/\/schema.org","@graph":[{"@type":"WebPage","@id":"https:\/\/www.zanzibarkins.com\/student-illness-policy\/","url":"https:\/\/www.zanzibarkins.com\/student-illness-policy\/","name":"Polityka dotycz\u0105ca chor\u00f3b student\u00f3w - KINS","isPartOf":{"@id":"https:\/\/www.zanzibarkins.com\/#website"},"primaryImageOfPage":{"@id":"https:\/\/www.zanzibarkins.com\/student-illness-policy\/#primaryimage"},"image":{"@id":"https:\/\/www.zanzibarkins.com\/student-illness-policy\/#primaryimage"},"thumbnailUrl":"https:\/\/www.zanzibarkins.com\/wp-content\/uploads\/2023\/05\/underline.png","datePublished":"2023-06-23T18:11:22+00:00","dateModified":"2023-07-29T05:58:44+00:00","breadcrumb":{"@id":"https:\/\/www.zanzibarkins.com\/student-illness-policy\/#breadcrumb"},"inLanguage":"pl-PL","potentialAction":[{"@type":"ReadAction","target":["https:\/\/www.zanzibarkins.com\/student-illness-policy\/"]}]},{"@type":"ImageObject","inLanguage":"pl-PL","@id":"https:\/\/www.zanzibarkins.com\/student-illness-policy\/#primaryimage","url":"https:\/\/www.zanzibarkins.com\/wp-content\/uploads\/2023\/05\/underline.png","contentUrl":"https:\/\/www.zanzibarkins.com\/wp-content\/uploads\/2023\/05\/underline.png"},{"@type":"BreadcrumbList","@id":"https:\/\/www.zanzibarkins.com\/student-illness-policy\/#breadcrumb","itemListElement":[{"@type":"ListItem","position":1,"name":"Home","item":"https:\/\/www.zanzibarkins.com\/"},{"@type":"ListItem","position":2,"name":"Student illness policy"}]},{"@type":"WebSite","@id":"https:\/\/www.zanzibarkins.com\/#website","url":"https:\/\/www.zanzibarkins.com\/","name":"KINS","description":"","potentialAction":[{"@type":"SearchAction","target":{"@type":"EntryPoint","urlTemplate":"https:\/\/www.zanzibarkins.com\/?s={search_term_string}"},"query-input":{"@type":"PropertyValueSpecification","valueRequired":true,"valueName":"search_term_string"}}],"inLanguage":"pl-PL"}]}},"_links":{"self":[{"href":"https:\/\/www.zanzibarkins.com\/pl\/wp-json\/wp\/v2\/pages\/277","targetHints":{"allow":["GET"]}}],"collection":[{"href":"https:\/\/www.zanzibarkins.com\/pl\/wp-json\/wp\/v2\/pages"}],"about":[{"href":"https:\/\/www.zanzibarkins.com\/pl\/wp-json\/wp\/v2\/types\/page"}],"author":[{"embeddable":true,"href":"https:\/\/www.zanzibarkins.com\/pl\/wp-json\/wp\/v2\/users\/1"}],"replies":[{"embeddable":true,"href":"https:\/\/www.zanzibarkins.com\/pl\/wp-json\/wp\/v2\/comments?post=277"}],"version-history":[{"count":5,"href":"https:\/\/www.zanzibarkins.com\/pl\/wp-json\/wp\/v2\/pages\/277\/revisions"}],"predecessor-version":[{"id":1400,"href":"https:\/\/www.zanzibarkins.com\/pl\/wp-json\/wp\/v2\/pages\/277\/revisions\/1400"}],"wp:attachment":[{"href":"https:\/\/www.zanzibarkins.com\/pl\/wp-json\/wp\/v2\/media?parent=277"}],"curies":[{"name":"wp","href":"https:\/\/api.w.org\/{rel}","templated":true}]}}