{"id":292,"date":"2023-06-23T18:13:22","date_gmt":"2023-06-23T18:13:22","guid":{"rendered":"https:\/\/kins.simplyit.solutions\/?page_id=292"},"modified":"2024-08-06T15:37:27","modified_gmt":"2024-08-06T12:37:27","slug":"plan-posilkow-menu-zdrowe-odzywianie","status":"publish","type":"page","link":"https:\/\/www.zanzibarkins.com\/pl\/plan-posilkow-menu-zdrowe-odzywianie\/","title":{"rendered":"plan posi\u0142k\u00f3w menu\/zdrowe od\u017cywianie"},"content":{"rendered":"<div data-elementor-type=\"wp-page\" data-elementor-id=\"292\" class=\"elementor elementor-292\" data-elementor-post-type=\"page\">\n\t\t\t\t\t\t<section class=\"elementor-section elementor-top-section elementor-element elementor-element-a3fa31b elementor-section-boxed elementor-section-height-default elementor-section-height-default\" data-id=\"a3fa31b\" data-element_type=\"section\" data-settings=\"{&quot;background_background&quot;:&quot;classic&quot;,&quot;shape_divider_top&quot;:&quot;tilt&quot;,&quot;shape_divider_bottom&quot;:&quot;tilt&quot;}\">\n\t\t\t\t\t\t\t<div class=\"elementor-background-overlay\"><\/div>\n\t\t\t\t\t\t<div class=\"elementor-shape elementor-shape-top\" aria-hidden=\"true\" data-negative=\"false\">\n\t\t\t<svg xmlns=\"http:\/\/www.w3.org\/2000\/svg\" viewbox=\"0 0 1000 100\" preserveaspectratio=\"none\">\n\t<path class=\"elementor-shape-fill\" d=\"M0,6V0h1000v100L0,6z\"\/>\n<\/svg>\t\t<\/div>\n\t\t\t\t<div class=\"elementor-shape elementor-shape-bottom\" aria-hidden=\"true\" data-negative=\"false\">\n\t\t\t<svg xmlns=\"http:\/\/www.w3.org\/2000\/svg\" viewbox=\"0 0 1000 100\" preserveaspectratio=\"none\">\n\t<path class=\"elementor-shape-fill\" d=\"M0,6V0h1000v100L0,6z\"\/>\n<\/svg>\t\t<\/div>\n\t\t\t\t\t<div class=\"elementor-container elementor-column-gap-default\">\n\t\t\t\t\t<div class=\"elementor-column elementor-col-100 elementor-top-column elementor-element elementor-element-2a87b2d\" data-id=\"2a87b2d\" data-element_type=\"column\">\n\t\t\t<div class=\"elementor-widget-wrap elementor-element-populated\">\n\t\t\t\t\t\t<section class=\"elementor-section elementor-inner-section elementor-element elementor-element-4320ab9 elementor-section-boxed elementor-section-height-default elementor-section-height-default\" data-id=\"4320ab9\" data-element_type=\"section\">\n\t\t\t\t\t\t<div class=\"elementor-container elementor-column-gap-default\">\n\t\t\t\t\t<div class=\"elementor-column elementor-col-100 elementor-inner-column elementor-element elementor-element-3c85b2a\" data-id=\"3c85b2a\" data-element_type=\"column\" data-settings=\"{&quot;background_background&quot;:&quot;classic&quot;}\">\n\t\t\t<div class=\"elementor-widget-wrap elementor-element-populated\">\n\t\t\t\t\t\t<div class=\"elementor-element elementor-element-fe311b0 elementor-widget elementor-widget-heading\" data-id=\"fe311b0\" data-element_type=\"widget\" data-widget_type=\"heading.default\">\n\t\t\t\t<div class=\"elementor-widget-container\">\n\t\t\t\t\t<h2 class=\"elementor-heading-title elementor-size-default\">Zdrowe od\u017cywianie<\/h2>\t\t\t\t<\/div>\n\t\t\t\t<\/div>\n\t\t\t\t<div class=\"elementor-element elementor-element-e44afa4 elementor-widget elementor-widget-image\" data-id=\"e44afa4\" data-element_type=\"widget\" data-widget_type=\"image.default\">\n\t\t\t\t<div class=\"elementor-widget-container\">\n\t\t\t\t\t\t\t\t\t\t\t\t\t\t\t<img decoding=\"async\" width=\"426\" height=\"20\" src=\"https:\/\/www.zanzibarkins.com\/wp-content\/uploads\/2023\/05\/underline.png\" class=\"attachment-large size-large wp-image-18\" alt=\"\" srcset=\"https:\/\/www.zanzibarkins.com\/wp-content\/uploads\/2023\/05\/underline.png 426w, https:\/\/www.zanzibarkins.com\/wp-content\/uploads\/2023\/05\/underline-300x14.png 300w\" sizes=\"(max-width: 426px) 100vw, 426px\" \/>\t\t\t\t\t\t\t\t\t\t\t\t\t\t\t<\/div>\n\t\t\t\t<\/div>\n\t\t\t\t<div class=\"elementor-element elementor-element-6d22aee elementor-widget elementor-widget-text-editor\" data-id=\"6d22aee\" data-element_type=\"widget\" data-widget_type=\"text-editor.default\">\n\t\t\t\t<div class=\"elementor-widget-container\">\n\t\t\t\t\t\t\t\t\t<p>\u00a0<\/p><p><span style=\"font-weight: 400;\">W naszej szkole priorytetowo traktujemy promowanie zdrowych nawyk\u00f3w \u017cywieniowych w\u015br\u00f3d naszych uczni\u00f3w. Rozumiemy, jak wa\u017cne jest dostarczanie po\u017cywnych posi\u0142k\u00f3w, aby wspiera\u0107 ich og\u00f3lne samopoczucie i wyniki w nauce. Aby sprosta\u0107 r\u00f3\u017cnorodnym preferencjom dietetycznym, oferujemy opcjonalny plan posi\u0142k\u00f3w, w kt\u00f3rym uczniowie mog\u0105 uczestniczy\u0107.<\/span><\/p><p><span style=\"font-weight: 400;\">Jednym z g\u0142\u00f3wnych atut\u00f3w planu posi\u0142k\u00f3w w naszej szkole jest dost\u0119pno\u015b\u0107 ciep\u0142ego jedzenia o 12:45. Nasz oddany personel kuchenny przygotowuje r\u00f3\u017cnorodne dania, \u0142\u0105cz\u0105ce smaki europejskie i lokalne, aby zapozna\u0107 uczni\u00f3w z r\u00f3\u017cnymi tradycjami kulinarnymi. Pozwala im to do\u015bwiadczy\u0107 r\u00f3\u017cnorodnego zakresu smak\u00f3w i poszerzy\u0107 swoje podniebienia, ciesz\u0105c si\u0119 ciep\u0142ym i syc\u0105cym posi\u0142kiem.<\/span><\/p><p><span style=\"font-weight: 400;\">Uznaj\u0105c znaczenie regularnego spo\u017cywania owoc\u00f3w dla zr\u00f3wnowa\u017conej diety, zapewniamy uczniom \u015bwie\u017ce owoce o 10:30. Ta przek\u0105ska w po\u0142owie poranka oferuje orze\u017awiaj\u0105c\u0105 i od\u017cywcz\u0105 opcj\u0119, kt\u00f3ra pozwala uczniom zachowa\u0107 energi\u0119 i koncentracj\u0119 przez ca\u0142y dzie\u0144.<\/span><\/p><p><span style=\"font-weight: 400;\">Wprowadzaj\u0105c zdrowe praktyki \u017cywieniowe do szkolnego harmonogramu zaj\u0119\u0107, chcemy zaszczepi\u0107 w uczniach nawyk \u015bwiadomego od\u017cywiania na ca\u0142e \u017cycie i podkre\u015bli\u0107 znaczenie od\u017cywiania organizmu poprzez dokonywanie pe\u0142nowarto\u015bciowych wybor\u00f3w \u017cywieniowych.<\/span><\/p>\t\t\t\t\t\t\t\t<\/div>\n\t\t\t\t<\/div>\n\t\t\t\t<div class=\"elementor-element elementor-element-75983fb elementor-widget elementor-widget-image\" data-id=\"75983fb\" data-element_type=\"widget\" data-widget_type=\"image.default\">\n\t\t\t\t<div class=\"elementor-widget-container\">\n\t\t\t\t\t\t\t\t\t\t\t\t\t\t\t<img fetchpriority=\"high\" decoding=\"async\" width=\"1526\" height=\"1080\" src=\"https:\/\/www.zanzibarkins.com\/wp-content\/uploads\/2024\/08\/KINS-Independent-School-Meal-Plan-Menu-2024-1.jpg\" class=\"attachment-full size-full wp-image-2326\" alt=\"\" srcset=\"https:\/\/www.zanzibarkins.com\/wp-content\/uploads\/2024\/08\/KINS-Independent-School-Meal-Plan-Menu-2024-1.jpg 1526w, https:\/\/www.zanzibarkins.com\/wp-content\/uploads\/2024\/08\/KINS-Independent-School-Meal-Plan-Menu-2024-1-300x212.jpg 300w, https:\/\/www.zanzibarkins.com\/wp-content\/uploads\/2024\/08\/KINS-Independent-School-Meal-Plan-Menu-2024-1-1024x725.jpg 1024w, https:\/\/www.zanzibarkins.com\/wp-content\/uploads\/2024\/08\/KINS-Independent-School-Meal-Plan-Menu-2024-1-768x544.jpg 768w\" sizes=\"(max-width: 1526px) 100vw, 1526px\" \/>\t\t\t\t\t\t\t\t\t\t\t\t\t\t\t<\/div>\n\t\t\t\t<\/div>\n\t\t\t\t\t<\/div>\n\t\t<\/div>\n\t\t\t\t\t<\/div>\n\t\t<\/section>\n\t\t\t\t\t<\/div>\n\t\t<\/div>\n\t\t\t\t\t<\/div>\n\t\t<\/section>\n\t\t\t\t<\/div>","protected":false},"excerpt":{"rendered":"<p>Healthy eating \u00a0 At our school, we prioritise promoting healthy eating habits among our students. We understand the importance of providing nutritious meals to support their overall well-being and academic performance. To cater to diverse dietary preferences, we offer an optional meal plan that students can choose to participate in. One of the highlights of [&hellip;]<\/p>","protected":false},"author":1,"featured_media":0,"parent":0,"menu_order":0,"comment_status":"closed","ping_status":"closed","template":"elementor_header_footer","meta":{"_acf_changed":false,"footnotes":""},"class_list":["post-292","page","type-page","status-publish","hentry"],"acf":[],"yoast_head":"<!-- This site is optimized with the Yoast SEO plugin v27.4 - https:\/\/yoast.com\/product\/yoast-seo-wordpress\/ -->\n<title>meal plan menu\/ healthy eating - KINS<\/title>\n<meta name=\"robots\" content=\"index, follow, max-snippet:-1, max-image-preview:large, max-video-preview:-1\" \/>\n<link rel=\"canonical\" href=\"https:\/\/www.zanzibarkins.com\/pl\/plan-posilkow-menu-zdrowe-odzywianie\/\" \/>\n<meta property=\"og:locale\" content=\"pl_PL\" \/>\n<meta property=\"og:type\" content=\"article\" \/>\n<meta property=\"og:title\" content=\"meal plan menu\/ healthy eating - KINS\" \/>\n<meta property=\"og:description\" content=\"Healthy eating \u00a0 At our school, we prioritise promoting healthy eating habits among our students. We understand the importance of providing nutritious meals to support their overall well-being and academic performance. To cater to diverse dietary preferences, we offer an optional meal plan that students can choose to participate in. One of the highlights of [&hellip;]\" \/>\n<meta property=\"og:url\" content=\"https:\/\/www.zanzibarkins.com\/pl\/plan-posilkow-menu-zdrowe-odzywianie\/\" \/>\n<meta property=\"og:site_name\" content=\"KINS\" \/>\n<meta property=\"article:modified_time\" content=\"2024-08-06T12:37:27+00:00\" \/>\n<meta property=\"og:image\" content=\"https:\/\/www.zanzibarkins.com\/wp-content\/uploads\/2023\/05\/underline.png\" \/>\n<meta name=\"twitter:card\" content=\"summary_large_image\" \/>\n<meta name=\"twitter:label1\" content=\"Szacowany czas czytania\" \/>\n\t<meta name=\"twitter:data1\" content=\"2 minuty\" \/>\n<script type=\"application\/ld+json\" class=\"yoast-schema-graph\">{\"@context\":\"https:\\\/\\\/schema.org\",\"@graph\":[{\"@type\":\"WebPage\",\"@id\":\"https:\\\/\\\/www.zanzibarkins.com\\\/meal-plan-menu-healthy-eating\\\/\",\"url\":\"https:\\\/\\\/www.zanzibarkins.com\\\/meal-plan-menu-healthy-eating\\\/\",\"name\":\"meal plan menu\\\/ healthy eating - KINS\",\"isPartOf\":{\"@id\":\"https:\\\/\\\/www.zanzibarkins.com\\\/#website\"},\"primaryImageOfPage\":{\"@id\":\"https:\\\/\\\/www.zanzibarkins.com\\\/meal-plan-menu-healthy-eating\\\/#primaryimage\"},\"image\":{\"@id\":\"https:\\\/\\\/www.zanzibarkins.com\\\/meal-plan-menu-healthy-eating\\\/#primaryimage\"},\"thumbnailUrl\":\"https:\\\/\\\/www.zanzibarkins.com\\\/wp-content\\\/uploads\\\/2023\\\/05\\\/underline.png\",\"datePublished\":\"2023-06-23T18:13:22+00:00\",\"dateModified\":\"2024-08-06T12:37:27+00:00\",\"breadcrumb\":{\"@id\":\"https:\\\/\\\/www.zanzibarkins.com\\\/meal-plan-menu-healthy-eating\\\/#breadcrumb\"},\"inLanguage\":\"pl-PL\",\"potentialAction\":[{\"@type\":\"ReadAction\",\"target\":[\"https:\\\/\\\/www.zanzibarkins.com\\\/meal-plan-menu-healthy-eating\\\/\"]}]},{\"@type\":\"ImageObject\",\"inLanguage\":\"pl-PL\",\"@id\":\"https:\\\/\\\/www.zanzibarkins.com\\\/meal-plan-menu-healthy-eating\\\/#primaryimage\",\"url\":\"https:\\\/\\\/www.zanzibarkins.com\\\/wp-content\\\/uploads\\\/2023\\\/05\\\/underline.png\",\"contentUrl\":\"https:\\\/\\\/www.zanzibarkins.com\\\/wp-content\\\/uploads\\\/2023\\\/05\\\/underline.png\"},{\"@type\":\"BreadcrumbList\",\"@id\":\"https:\\\/\\\/www.zanzibarkins.com\\\/meal-plan-menu-healthy-eating\\\/#breadcrumb\",\"itemListElement\":[{\"@type\":\"ListItem\",\"position\":1,\"name\":\"Home\",\"item\":\"https:\\\/\\\/www.zanzibarkins.com\\\/\"},{\"@type\":\"ListItem\",\"position\":2,\"name\":\"meal plan menu\\\/ healthy eating\"}]},{\"@type\":\"WebSite\",\"@id\":\"https:\\\/\\\/www.zanzibarkins.com\\\/#website\",\"url\":\"https:\\\/\\\/www.zanzibarkins.com\\\/\",\"name\":\"KINS\",\"description\":\"\",\"potentialAction\":[{\"@type\":\"SearchAction\",\"target\":{\"@type\":\"EntryPoint\",\"urlTemplate\":\"https:\\\/\\\/www.zanzibarkins.com\\\/?s={search_term_string}\"},\"query-input\":{\"@type\":\"PropertyValueSpecification\",\"valueRequired\":true,\"valueName\":\"search_term_string\"}}],\"inLanguage\":\"pl-PL\"}]}<\/script>\n<!-- \/ Yoast SEO plugin. -->","yoast_head_json":{"title":"plan posi\u0142k\u00f3w menu\/zdrowe od\u017cywianie - KINS","robots":{"index":"index","follow":"follow","max-snippet":"max-snippet:-1","max-image-preview":"max-image-preview:large","max-video-preview":"max-video-preview:-1"},"canonical":"https:\/\/www.zanzibarkins.com\/pl\/plan-posilkow-menu-zdrowe-odzywianie\/","og_locale":"pl_PL","og_type":"article","og_title":"meal plan menu\/ healthy eating - KINS","og_description":"Healthy eating \u00a0 At our school, we prioritise promoting healthy eating habits among our students. We understand the importance of providing nutritious meals to support their overall well-being and academic performance. To cater to diverse dietary preferences, we offer an optional meal plan that students can choose to participate in. One of the highlights of [&hellip;]","og_url":"https:\/\/www.zanzibarkins.com\/pl\/plan-posilkow-menu-zdrowe-odzywianie\/","og_site_name":"KINS","article_modified_time":"2024-08-06T12:37:27+00:00","og_image":[{"url":"https:\/\/www.zanzibarkins.com\/wp-content\/uploads\/2023\/05\/underline.png","type":"","width":"","height":""}],"twitter_card":"summary_large_image","twitter_misc":{"Szacowany czas czytania":"2 minuty"},"schema":{"@context":"https:\/\/schema.org","@graph":[{"@type":"WebPage","@id":"https:\/\/www.zanzibarkins.com\/meal-plan-menu-healthy-eating\/","url":"https:\/\/www.zanzibarkins.com\/meal-plan-menu-healthy-eating\/","name":"plan posi\u0142k\u00f3w menu\/zdrowe od\u017cywianie - KINS","isPartOf":{"@id":"https:\/\/www.zanzibarkins.com\/#website"},"primaryImageOfPage":{"@id":"https:\/\/www.zanzibarkins.com\/meal-plan-menu-healthy-eating\/#primaryimage"},"image":{"@id":"https:\/\/www.zanzibarkins.com\/meal-plan-menu-healthy-eating\/#primaryimage"},"thumbnailUrl":"https:\/\/www.zanzibarkins.com\/wp-content\/uploads\/2023\/05\/underline.png","datePublished":"2023-06-23T18:13:22+00:00","dateModified":"2024-08-06T12:37:27+00:00","breadcrumb":{"@id":"https:\/\/www.zanzibarkins.com\/meal-plan-menu-healthy-eating\/#breadcrumb"},"inLanguage":"pl-PL","potentialAction":[{"@type":"ReadAction","target":["https:\/\/www.zanzibarkins.com\/meal-plan-menu-healthy-eating\/"]}]},{"@type":"ImageObject","inLanguage":"pl-PL","@id":"https:\/\/www.zanzibarkins.com\/meal-plan-menu-healthy-eating\/#primaryimage","url":"https:\/\/www.zanzibarkins.com\/wp-content\/uploads\/2023\/05\/underline.png","contentUrl":"https:\/\/www.zanzibarkins.com\/wp-content\/uploads\/2023\/05\/underline.png"},{"@type":"BreadcrumbList","@id":"https:\/\/www.zanzibarkins.com\/meal-plan-menu-healthy-eating\/#breadcrumb","itemListElement":[{"@type":"ListItem","position":1,"name":"Home","item":"https:\/\/www.zanzibarkins.com\/"},{"@type":"ListItem","position":2,"name":"meal plan menu\/ healthy eating"}]},{"@type":"WebSite","@id":"https:\/\/www.zanzibarkins.com\/#website","url":"https:\/\/www.zanzibarkins.com\/","name":"KINS","description":"","potentialAction":[{"@type":"SearchAction","target":{"@type":"EntryPoint","urlTemplate":"https:\/\/www.zanzibarkins.com\/?s={search_term_string}"},"query-input":{"@type":"PropertyValueSpecification","valueRequired":true,"valueName":"search_term_string"}}],"inLanguage":"pl-PL"}]}},"_links":{"self":[{"href":"https:\/\/www.zanzibarkins.com\/pl\/wp-json\/wp\/v2\/pages\/292","targetHints":{"allow":["GET"]}}],"collection":[{"href":"https:\/\/www.zanzibarkins.com\/pl\/wp-json\/wp\/v2\/pages"}],"about":[{"href":"https:\/\/www.zanzibarkins.com\/pl\/wp-json\/wp\/v2\/types\/page"}],"author":[{"embeddable":true,"href":"https:\/\/www.zanzibarkins.com\/pl\/wp-json\/wp\/v2\/users\/1"}],"replies":[{"embeddable":true,"href":"https:\/\/www.zanzibarkins.com\/pl\/wp-json\/wp\/v2\/comments?post=292"}],"version-history":[{"count":5,"href":"https:\/\/www.zanzibarkins.com\/pl\/wp-json\/wp\/v2\/pages\/292\/revisions"}],"predecessor-version":[{"id":2329,"href":"https:\/\/www.zanzibarkins.com\/pl\/wp-json\/wp\/v2\/pages\/292\/revisions\/2329"}],"wp:attachment":[{"href":"https:\/\/www.zanzibarkins.com\/pl\/wp-json\/wp\/v2\/media?parent=292"}],"curies":[{"name":"wp","href":"https:\/\/api.w.org\/{rel}","templated":true}]}}